{"id":1052,"date":"2021-10-27T20:55:56","date_gmt":"2021-10-27T20:55:56","guid":{"rendered":"https:\/\/www.newdirectiontravel.com\/?post_type=product&#038;p=1052"},"modified":"2021-10-27T20:55:56","modified_gmt":"2021-10-27T20:55:56","slug":"une-journee-a-la-vallee-de-louzoud","status":"publish","type":"product","link":"https:\/\/www.newdirectiontravel.com\/fr\/product\/une-journee-a-la-vallee-de-louzoud\/","title":{"rendered":"UNE JOURN\u00c9E \u00c0 LA VALL\u00c9E DE L&rsquo;OUZOUD"},"content":{"rendered":"<p data-ccp-props=\"{&quot;335551550&quot;:1,&quot;335551620&quot;:1,&quot;335559683&quot;:0,&quot;335559685&quot;:0,&quot;335559731&quot;:0,&quot;335559737&quot;:0,&quot;335562764&quot;:2,&quot;335562765&quot;:1,&quot;335562766&quot;:4,&quot;335562767&quot;:0,&quot;335562768&quot;:4,&quot;335562769&quot;:0}\"><span data-scheme-color=\"@FFFFFF,0,\" data-usefontface=\"true\" data-contrast=\"none\">LES CASCADES D&rsquo;OUZOUD (CASCADES DES MOULINS EN BERB\u00c8RE) SONT DES\u00a0<\/span><span data-scheme-color=\"@FFFFFF,0,\" data-usefontface=\"true\" data-contrast=\"none\">CHUTES D&rsquo;EAU D&rsquo;ENVIRON 110M DE HAUT, SUR TROIS PALIERS, SUR L&rsquo;OUED\u00a0<\/span><span data-scheme-color=\"@FFFFFF,0,\" data-usefontface=\"true\" data-contrast=\"none\">OUZOUD, \u00c0 1060M D&rsquo;ALTITUDE DANS LE MOYEN ATLAS. CE VASTE SITE EST UN\u00a0<\/span><span data-scheme-color=\"@FFFFFF,0,\" data-usefontface=\"true\" data-contrast=\"none\">IMPORTANT LIEU TOURISTIQUE MAROCAIN \u00c0 120KM DE B\u00c9NI MELLAL ET\u00a0<\/span><span data-scheme-color=\"@FFFFFF,0,\" data-usefontface=\"true\" data-contrast=\"none\">150KM AU NORD-EST DE MARRAKECH.<\/span>\u200b<\/p>\n<p data-ccp-props=\"{&quot;335551550&quot;:1,&quot;335551620&quot;:1,&quot;335559683&quot;:0,&quot;335559685&quot;:0,&quot;335559731&quot;:0,&quot;335559737&quot;:0,&quot;335562764&quot;:2,&quot;335562765&quot;:1,&quot;335562766&quot;:4,&quot;335562767&quot;:0,&quot;335562768&quot;:4,&quot;335562769&quot;:0}\"><span data-scheme-color=\"@FFFFFF,0,\" data-usefontface=\"true\" data-contrast=\"none\">UN PETIT COIN DU PARADIS POUR SE D\u00c9PAYSER ET S\u2019\u00c9LOIGNER DU BRUIT DES\u00a0<\/span><span data-scheme-color=\"@FFFFFF,0,\" data-usefontface=\"true\" data-contrast=\"none\">GRANDES VILLES. AU PIED DES CASCADES, VOUS POUVEZ VOUS BAIGNER\u00a0<\/span><span data-scheme-color=\"@FFFFFF,0,\" data-usefontface=\"true\" data-contrast=\"none\">POUR VOUS RAFRAICHIR DANS LES JOURS DE CHALEUR COMME IL EST\u00a0<\/span><span data-scheme-color=\"@FFFFFF,0,\" data-usefontface=\"true\" data-contrast=\"none\">POSSIBLE D\u2019ORGANISER UNE PETITE BALADE OU EXCURSION EN BATEAU POUR\u00a0<\/span><span data-scheme-color=\"@FFFFFF,0,\" data-usefontface=\"true\" data-contrast=\"none\">MIEUX APPR\u00c9CIER LES BEAUX PAYSAGES DE LA NATURE.<\/span>\u200b<\/p>\n<p data-ccp-props=\"{&quot;335551550&quot;:1,&quot;335551620&quot;:1,&quot;335559683&quot;:0,&quot;335559685&quot;:0,&quot;335559731&quot;:0,&quot;335559737&quot;:0,&quot;335562764&quot;:2,&quot;335562765&quot;:1,&quot;335562766&quot;:4,&quot;335562767&quot;:0,&quot;335562768&quot;:4,&quot;335562769&quot;:0}\"><span data-scheme-color=\"@FFFFFF,0,\" data-usefontface=\"true\" data-contrast=\"none\">D\u00c9PART \u00c0 08H30 DU MATIN, SUIVANT LA ROUTE DE F\u00c8S, 2H30 DE ROUTE QUI\u00a0<\/span><span data-scheme-color=\"@FFFFFF,0,\" data-usefontface=\"true\" data-contrast=\"none\">VOUS M\u00c8NERONT AU VILLAGE D\u2019OUZOUD , C\u00c9L\u00c8BRE POUR SES CASCADES DE\u00a0<\/span><span data-scheme-color=\"@FFFFFF,0,\" data-usefontface=\"true\" data-contrast=\"none\">100M LES PLUS HAUTES DU NORD DE L\u2019AFRIQUE, UNE BALADE AUX PIEDS DES\u00a0<\/span><span data-scheme-color=\"@FFFFFF,0,\" data-usefontface=\"true\" data-contrast=\"none\">CASCADES VOUS EST PROPOS\u00c9E, PUIS UNE REMONTER DE 600 MARCHES\u00a0<\/span><span data-scheme-color=\"@FFFFFF,0,\" data-usefontface=\"true\" data-contrast=\"none\">POUR REJOINDRE LES RESTAURANTS NICH\u00c9S SUR LES RIVES.<\/span>\u200b<br \/>\n\u200b<br \/>\n<span data-scheme-color=\"@FFFFFF,0,\" data-usefontface=\"true\" data-contrast=\"none\">APR\u00c8S LE D\u00c9JEUN\u00c9 SUR PLACE NOUS REPRENDRONS LA ROUTE (30 MIN)\u00a0<\/span><span data-scheme-color=\"@FFFFFF,0,\" data-usefontface=\"true\" data-contrast=\"none\">POUR FAIRE LA VISITE DU PONT NATUREL DE IMI N\u2019IFRI, UNE DES MERVEILLES\u00a0<\/span><span data-scheme-color=\"@FFFFFF,0,\" data-usefontface=\"true\" data-contrast=\"none\">DE LA NATURE MAROCAINE. RETOUR \u00c0 MARRAKECH EN FIN DE JOURN\u00c9E.<\/span>\u200b<\/p>\n","protected":false},"excerpt":{"rendered":"<ul>\n<li><b>Dur\u00e9e:<\/b>\u00a010 Heures<br \/>\n<b><\/b><\/li>\n<li><b>Distance:<\/b>\u00a0164 km x 2<br \/>\n<b><\/b><\/li>\n<li><b>Disponibilit\u00e9:<\/b>\u00a0Tous les jours<br \/>\n<b><\/b><\/li>\n<li><b>Heure de d\u00e9part:<\/b>\u00a008h00 am<\/li>\n<\/ul>\n","protected":false},"featured_media":1053,"template":"","meta":[],"product_cat":[39],"product_tag":[],"class_list":["post-1052","product","type-product","status-publish","has-post-thumbnail","hentry","product_cat-excursions"],"yoast_head":"<!-- This site is optimized with the Yoast SEO Premium plugin v15.5 - https:\/\/yoast.com\/wordpress\/plugins\/seo\/ -->\n<title>UNE JOURN\u00c9E \u00c0 LA VALL\u00c9E DE L&#039;OUZOUD - New directions travel<\/title>\n<meta name=\"robots\" content=\"index, follow, max-snippet:-1, max-image-preview:large, max-video-preview:-1\" \/>\n<link rel=\"canonical\" href=\"https:\/\/www.newdirectiontravel.com\/fr\/product\/une-journee-a-la-vallee-de-louzoud\/\" \/>\n<meta property=\"og:locale\" content=\"fr_FR\" \/>\n<meta property=\"og:type\" content=\"article\" \/>\n<meta property=\"og:title\" content=\"UNE JOURN\u00c9E \u00c0 LA VALL\u00c9E DE L&#039;OUZOUD - New directions travel\" \/>\n<meta property=\"og:description\" content=\"Dur\u00e9e:\u00a010 Heures   Distance:\u00a0164 km x 2   Disponibilit\u00e9:\u00a0Tous les jours   Heure de d\u00e9part:\u00a008h00 am\" \/>\n<meta property=\"og:url\" content=\"https:\/\/www.newdirectiontravel.com\/fr\/product\/une-journee-a-la-vallee-de-louzoud\/\" \/>\n<meta property=\"og:site_name\" content=\"New directions travel\" \/>\n<meta property=\"og:image\" content=\"https:\/\/www.newdirectiontravel.com\/wp-content\/uploads\/2021\/10\/ouzod.jpg\" \/>\n\t<meta property=\"og:image:width\" content=\"873\" \/>\n\t<meta property=\"og:image:height\" content=\"540\" \/>\n<meta name=\"twitter:card\" content=\"summary_large_image\" \/>\n<meta name=\"twitter:label1\" content=\"Dur\u00e9e de lecture estim\u00e9e\">\n\t<meta name=\"twitter:data1\" content=\"1 minute\">\n<script type=\"application\/ld+json\" class=\"yoast-schema-graph\">{\"@context\":\"https:\/\/schema.org\",\"@graph\":[{\"@type\":\"Organization\",\"@id\":\"https:\/\/www.newdirectiontravel.com\/#organization\",\"name\":\"New Direction Travel - Agence de transport touristique marrakech\",\"url\":\"https:\/\/www.newdirectiontravel.com\/\",\"sameAs\":[],\"logo\":{\"@type\":\"ImageObject\",\"@id\":\"https:\/\/www.newdirectiontravel.com\/#logo\",\"inLanguage\":\"fr-FR\",\"url\":\"https:\/\/www.newdirectiontravel.com\/wp-content\/uploads\/2021\/10\/logo-ndt.png\",\"width\":163,\"height\":75,\"caption\":\"New Direction Travel - Agence de transport touristique marrakech\"},\"image\":{\"@id\":\"https:\/\/www.newdirectiontravel.com\/#logo\"}},{\"@type\":\"WebSite\",\"@id\":\"https:\/\/www.newdirectiontravel.com\/#website\",\"url\":\"https:\/\/www.newdirectiontravel.com\/\",\"name\":\"New directions travel\",\"description\":\"Activities\",\"publisher\":{\"@id\":\"https:\/\/www.newdirectiontravel.com\/#organization\"},\"potentialAction\":[{\"@type\":\"SearchAction\",\"target\":\"https:\/\/www.newdirectiontravel.com\/?s={search_term_string}\",\"query-input\":\"required name=search_term_string\"}],\"inLanguage\":\"fr-FR\"},{\"@type\":\"ImageObject\",\"@id\":\"https:\/\/www.newdirectiontravel.com\/product\/une-journee-a-la-vallee-de-louzoud\/#primaryimage\",\"inLanguage\":\"fr-FR\",\"url\":\"https:\/\/www.newdirectiontravel.com\/wp-content\/uploads\/2021\/10\/ouzod.jpg\",\"width\":873,\"height\":540},{\"@type\":\"WebPage\",\"@id\":\"https:\/\/www.newdirectiontravel.com\/product\/une-journee-a-la-vallee-de-louzoud\/#webpage\",\"url\":\"https:\/\/www.newdirectiontravel.com\/product\/une-journee-a-la-vallee-de-louzoud\/\",\"name\":\"UNE JOURN\\u00c9E \\u00c0 LA VALL\\u00c9E DE L'OUZOUD - New directions travel\",\"isPartOf\":{\"@id\":\"https:\/\/www.newdirectiontravel.com\/#website\"},\"primaryImageOfPage\":{\"@id\":\"https:\/\/www.newdirectiontravel.com\/product\/une-journee-a-la-vallee-de-louzoud\/#primaryimage\"},\"datePublished\":\"2021-10-27T20:55:56+00:00\",\"dateModified\":\"2021-10-27T20:55:56+00:00\",\"inLanguage\":\"fr-FR\",\"potentialAction\":[{\"@type\":\"ReadAction\",\"target\":[\"https:\/\/www.newdirectiontravel.com\/product\/une-journee-a-la-vallee-de-louzoud\/\"]}]}]}<\/script>\n<!-- \/ Yoast SEO Premium plugin. -->","_links":{"self":[{"href":"https:\/\/www.newdirectiontravel.com\/fr\/wp-json\/wp\/v2\/product\/1052","targetHints":{"allow":["GET"]}}],"collection":[{"href":"https:\/\/www.newdirectiontravel.com\/fr\/wp-json\/wp\/v2\/product"}],"about":[{"href":"https:\/\/www.newdirectiontravel.com\/fr\/wp-json\/wp\/v2\/types\/product"}],"wp:featuredmedia":[{"embeddable":true,"href":"https:\/\/www.newdirectiontravel.com\/fr\/wp-json\/wp\/v2\/media\/1053"}],"wp:attachment":[{"href":"https:\/\/www.newdirectiontravel.com\/fr\/wp-json\/wp\/v2\/media?parent=1052"}],"wp:term":[{"taxonomy":"product_cat","embeddable":true,"href":"https:\/\/www.newdirectiontravel.com\/fr\/wp-json\/wp\/v2\/product_cat?post=1052"},{"taxonomy":"product_tag","embeddable":true,"href":"https:\/\/www.newdirectiontravel.com\/fr\/wp-json\/wp\/v2\/product_tag?post=1052"}],"curies":[{"name":"wp","href":"https:\/\/api.w.org\/{rel}","templated":true}]}}