{"id":1057,"date":"2021-10-27T21:42:06","date_gmt":"2021-10-27T21:42:06","guid":{"rendered":"https:\/\/www.newdirectiontravel.com\/?post_type=product&#038;p=1057"},"modified":"2021-10-27T21:42:06","modified_gmt":"2021-10-27T21:42:06","slug":"une-journee-a-essaouira-mogador","status":"publish","type":"product","link":"https:\/\/www.newdirectiontravel.com\/fr\/product\/une-journee-a-essaouira-mogador\/","title":{"rendered":"UNE JOURN\u00c9E \u00c0 ESSAOUIRA \u2013 MOGADOR"},"content":{"rendered":"<p data-ccp-props=\"{&quot;335551550&quot;:1,&quot;335551620&quot;:1,&quot;335559683&quot;:0,&quot;335559685&quot;:0,&quot;335559731&quot;:0,&quot;335559737&quot;:0,&quot;335562764&quot;:2,&quot;335562765&quot;:1,&quot;335562766&quot;:4,&quot;335562767&quot;:0,&quot;335562768&quot;:4,&quot;335562769&quot;:0}\"><span data-scheme-color=\"@FFFFFF,0,\" data-usefontface=\"true\" data-contrast=\"none\">La magnifique cit\u00e9 portuaire d&rsquo;Essaouira est class\u00e9e site prot\u00e9g\u00e9 de\u00a0<\/span><span data-scheme-color=\"@FFFFFF,0,\" data-usefontface=\"true\" data-contrast=\"none\">l&rsquo;UNESCO. Ses remparts datant du 16\u00e8me si\u00e8cle offrent une vue\u00a0<\/span><span data-scheme-color=\"@FFFFFF,0,\" data-usefontface=\"true\" data-contrast=\"none\">imprenable sur l&rsquo;Oc\u00e9an Atlantique. Une journ\u00e9e dans la ville d&rsquo;Essaouira,\u00a0<\/span><span data-scheme-color=\"@FFFFFF,0,\" data-usefontface=\"true\" data-contrast=\"none\">une des plus charmantes m\u00e9dinas au Maroc, vous permettra\u00a0<\/span><span data-scheme-color=\"@FFFFFF,0,\" data-usefontface=\"true\" data-contrast=\"none\">amplement de visiter les monuments de la citadelle, ses remparts, son\u00a0<\/span><span data-scheme-color=\"@FFFFFF,0,\" data-usefontface=\"true\" data-contrast=\"none\">march\u00e9 de poisson, son port et ses longues plages. Vous aurez\u00a0<\/span><span data-scheme-color=\"@FFFFFF,0,\" data-usefontface=\"true\" data-contrast=\"none\">\u00e9galement la possibilit\u00e9 d&rsquo;admirer les artisans travailler l&rsquo;argent et le\u00a0<\/span><span data-scheme-color=\"@FFFFFF,0,\" data-usefontface=\"true\" data-contrast=\"none\">bois.<\/span>\u200b<\/p>\n<p data-ccp-props=\"{&quot;335551550&quot;:1,&quot;335551620&quot;:1,&quot;335559683&quot;:0,&quot;335559685&quot;:0,&quot;335559731&quot;:0,&quot;335559737&quot;:0,&quot;335562764&quot;:2,&quot;335562765&quot;:1,&quot;335562766&quot;:4,&quot;335562767&quot;:0,&quot;335562768&quot;:4,&quot;335562769&quot;:0}\"><span data-scheme-color=\"@FFFFFF,0,\" data-usefontface=\"true\" data-contrast=\"none\">En route pour la d\u00e9couverte de la belle ville Essaouira Mogador, nous\u00a0<\/span><span data-scheme-color=\"@FFFFFF,0,\" data-usefontface=\"true\" data-contrast=\"none\">allons traverser plusieurs champs d\u2019Arganiers. Nous allons faire une\u00a0<\/span><span data-scheme-color=\"@FFFFFF,0,\" data-usefontface=\"true\" data-contrast=\"none\">pause sur le chemin pour voir les ch\u00e8vres perch\u00e9es sur les arganiers et\u00a0<\/span><span data-scheme-color=\"@FFFFFF,0,\" data-usefontface=\"true\" data-contrast=\"none\">visiter une coop\u00e9rative f\u00e9minine de production de l\u2019huile d\u2019Argan utilis\u00e9e\u00a0<\/span><span data-scheme-color=\"@FFFFFF,0,\" data-usefontface=\"true\" data-contrast=\"none\">en cuisine ainsi que dans l\u2019industrie des produits cosm\u00e9tiques.<\/span>\u200b<\/p>\n<p data-ccp-props=\"{&quot;335551550&quot;:1,&quot;335551620&quot;:1,&quot;335559683&quot;:0,&quot;335559685&quot;:0,&quot;335559731&quot;:0,&quot;335559737&quot;:0,&quot;335562764&quot;:2,&quot;335562765&quot;:1,&quot;335562766&quot;:4,&quot;335562767&quot;:0,&quot;335562768&quot;:4,&quot;335562769&quot;:0}\"><span data-scheme-color=\"@FFFFFF,0,\" data-usefontface=\"true\" data-contrast=\"none\">En arrivant \u00e0 Essaouira,\u00a0Vous pouvez passer environ 6h sur place \u00e0\u00a0<\/span><span data-scheme-color=\"@FFFFFF,0,\" data-usefontface=\"true\" data-contrast=\"none\">d\u00e9couvrir la ville. Pour le d\u00e9jeuner, vous aurez le choix, selon vos envies\u00a0<\/span><span data-scheme-color=\"@FFFFFF,0,\" data-usefontface=\"true\" data-contrast=\"none\">entre un restaurant sur le port, la plage, les remparts, la ville&#8230; Le\u00a0<\/span><span data-scheme-color=\"@FFFFFF,0,\" data-usefontface=\"true\" data-contrast=\"none\">chauffeur pourra vous conseiller.<\/span>\u200b<\/p>\n<p data-ccp-props=\"{&quot;335551550&quot;:1,&quot;335551620&quot;:1,&quot;335559683&quot;:0,&quot;335559685&quot;:0,&quot;335559731&quot;:0,&quot;335559737&quot;:0,&quot;335562764&quot;:2,&quot;335562765&quot;:1,&quot;335562766&quot;:4,&quot;335562767&quot;:0,&quot;335562768&quot;:4,&quot;335562769&quot;:0}\"><span data-scheme-color=\"@FFFFFF,0,\" data-usefontface=\"true\" data-contrast=\"none\">Activit\u00e9s en option :<\/span>\u200b<br \/>\n<span data-scheme-color=\"@FFFFFF,0,\" data-usefontface=\"true\" data-contrast=\"none\">* Balade en Quad sur des terrains vari\u00e9s : dunes, foret\u2026\u00a0<\/span>\u200b<br \/>\n<span data-scheme-color=\"@FFFFFF,0,\" data-usefontface=\"true\" data-contrast=\"none\">* Balade en chameau sur la plage d\u2019Essaouira<\/span>\u200b<\/p>\n","protected":false},"excerpt":{"rendered":"<ul>\n<li><b>Dur\u00e9e:<\/b>\u00a010 Heures<br \/>\n<b><\/b><\/li>\n<li><b>Distance:<\/b>\u00a0170 km x 2<br \/>\n<b><\/b><\/li>\n<li><b>Disponibilit\u00e9:<\/b>\u00a0Tous les jours<br \/>\n<b><\/b><\/li>\n<li><b>Heure de d\u00e9part:<\/b>\u00a008h00 am<\/li>\n<\/ul>\n","protected":false},"featured_media":1058,"template":"","meta":[],"product_cat":[39],"product_tag":[],"class_list":["post-1057","product","type-product","status-publish","has-post-thumbnail","hentry","product_cat-excursions"],"yoast_head":"<!-- This site is optimized with the Yoast SEO Premium plugin v15.5 - https:\/\/yoast.com\/wordpress\/plugins\/seo\/ -->\n<title>UNE JOURN\u00c9E \u00c0 ESSAOUIRA \u2013 MOGADOR - New directions travel<\/title>\n<meta name=\"robots\" content=\"index, follow, max-snippet:-1, max-image-preview:large, max-video-preview:-1\" \/>\n<link rel=\"canonical\" href=\"https:\/\/www.newdirectiontravel.com\/fr\/product\/une-journee-a-essaouira-mogador\/\" \/>\n<meta property=\"og:locale\" content=\"fr_FR\" \/>\n<meta property=\"og:type\" content=\"article\" \/>\n<meta property=\"og:title\" content=\"UNE JOURN\u00c9E \u00c0 ESSAOUIRA \u2013 MOGADOR - New directions travel\" \/>\n<meta property=\"og:description\" content=\"Dur\u00e9e:\u00a010 Heures   Distance:\u00a0170 km x 2   Disponibilit\u00e9:\u00a0Tous les jours   Heure de d\u00e9part:\u00a008h00 am\" \/>\n<meta property=\"og:url\" content=\"https:\/\/www.newdirectiontravel.com\/fr\/product\/une-journee-a-essaouira-mogador\/\" \/>\n<meta property=\"og:site_name\" content=\"New directions travel\" \/>\n<meta property=\"og:image\" content=\"https:\/\/www.newdirectiontravel.com\/wp-content\/uploads\/2021\/10\/essaouira.jpg\" \/>\n\t<meta property=\"og:image:width\" content=\"850\" \/>\n\t<meta property=\"og:image:height\" content=\"567\" \/>\n<meta name=\"twitter:card\" content=\"summary_large_image\" \/>\n<meta name=\"twitter:label1\" content=\"Dur\u00e9e de lecture estim\u00e9e\">\n\t<meta name=\"twitter:data1\" content=\"1 minute\">\n<script type=\"application\/ld+json\" class=\"yoast-schema-graph\">{\"@context\":\"https:\/\/schema.org\",\"@graph\":[{\"@type\":\"Organization\",\"@id\":\"https:\/\/www.newdirectiontravel.com\/#organization\",\"name\":\"New Direction Travel - Agence de transport touristique marrakech\",\"url\":\"https:\/\/www.newdirectiontravel.com\/\",\"sameAs\":[],\"logo\":{\"@type\":\"ImageObject\",\"@id\":\"https:\/\/www.newdirectiontravel.com\/#logo\",\"inLanguage\":\"fr-FR\",\"url\":\"https:\/\/www.newdirectiontravel.com\/wp-content\/uploads\/2021\/10\/logo-ndt.png\",\"width\":163,\"height\":75,\"caption\":\"New Direction Travel - Agence de transport touristique marrakech\"},\"image\":{\"@id\":\"https:\/\/www.newdirectiontravel.com\/#logo\"}},{\"@type\":\"WebSite\",\"@id\":\"https:\/\/www.newdirectiontravel.com\/#website\",\"url\":\"https:\/\/www.newdirectiontravel.com\/\",\"name\":\"New directions travel\",\"description\":\"Activities\",\"publisher\":{\"@id\":\"https:\/\/www.newdirectiontravel.com\/#organization\"},\"potentialAction\":[{\"@type\":\"SearchAction\",\"target\":\"https:\/\/www.newdirectiontravel.com\/?s={search_term_string}\",\"query-input\":\"required name=search_term_string\"}],\"inLanguage\":\"fr-FR\"},{\"@type\":\"ImageObject\",\"@id\":\"https:\/\/www.newdirectiontravel.com\/product\/une-journee-a-essaouira-mogador\/#primaryimage\",\"inLanguage\":\"fr-FR\",\"url\":\"https:\/\/www.newdirectiontravel.com\/wp-content\/uploads\/2021\/10\/essaouira.jpg\",\"width\":850,\"height\":567},{\"@type\":\"WebPage\",\"@id\":\"https:\/\/www.newdirectiontravel.com\/product\/une-journee-a-essaouira-mogador\/#webpage\",\"url\":\"https:\/\/www.newdirectiontravel.com\/product\/une-journee-a-essaouira-mogador\/\",\"name\":\"UNE JOURN\\u00c9E \\u00c0 ESSAOUIRA \\u2013 MOGADOR - New directions travel\",\"isPartOf\":{\"@id\":\"https:\/\/www.newdirectiontravel.com\/#website\"},\"primaryImageOfPage\":{\"@id\":\"https:\/\/www.newdirectiontravel.com\/product\/une-journee-a-essaouira-mogador\/#primaryimage\"},\"datePublished\":\"2021-10-27T21:42:06+00:00\",\"dateModified\":\"2021-10-27T21:42:06+00:00\",\"inLanguage\":\"fr-FR\",\"potentialAction\":[{\"@type\":\"ReadAction\",\"target\":[\"https:\/\/www.newdirectiontravel.com\/product\/une-journee-a-essaouira-mogador\/\"]}]}]}<\/script>\n<!-- \/ Yoast SEO Premium plugin. -->","_links":{"self":[{"href":"https:\/\/www.newdirectiontravel.com\/fr\/wp-json\/wp\/v2\/product\/1057","targetHints":{"allow":["GET"]}}],"collection":[{"href":"https:\/\/www.newdirectiontravel.com\/fr\/wp-json\/wp\/v2\/product"}],"about":[{"href":"https:\/\/www.newdirectiontravel.com\/fr\/wp-json\/wp\/v2\/types\/product"}],"wp:featuredmedia":[{"embeddable":true,"href":"https:\/\/www.newdirectiontravel.com\/fr\/wp-json\/wp\/v2\/media\/1058"}],"wp:attachment":[{"href":"https:\/\/www.newdirectiontravel.com\/fr\/wp-json\/wp\/v2\/media?parent=1057"}],"wp:term":[{"taxonomy":"product_cat","embeddable":true,"href":"https:\/\/www.newdirectiontravel.com\/fr\/wp-json\/wp\/v2\/product_cat?post=1057"},{"taxonomy":"product_tag","embeddable":true,"href":"https:\/\/www.newdirectiontravel.com\/fr\/wp-json\/wp\/v2\/product_tag?post=1057"}],"curies":[{"name":"wp","href":"https:\/\/api.w.org\/{rel}","templated":true}]}}