{"id":1061,"date":"2021-10-27T21:50:06","date_gmt":"2021-10-27T21:50:06","guid":{"rendered":"https:\/\/www.newdirectiontravel.com\/?post_type=product&#038;p=1061"},"modified":"2021-10-27T21:50:07","modified_gmt":"2021-10-27T21:50:07","slug":"une-journee-a-ouarzazate-ait-ben-haddou","status":"publish","type":"product","link":"https:\/\/www.newdirectiontravel.com\/fr\/product\/une-journee-a-ouarzazate-ait-ben-haddou\/","title":{"rendered":"\u00a0UNE JOURN\u00c9E \u00c0 OUARZAZATE &#8211; AIT BEN HADDOU"},"content":{"rendered":"<p data-ccp-props=\"{&quot;335551550&quot;:1,&quot;335551620&quot;:1,&quot;335559683&quot;:0,&quot;335559685&quot;:0,&quot;335559731&quot;:0,&quot;335559737&quot;:0,&quot;335562764&quot;:2,&quot;335562765&quot;:1,&quot;335562766&quot;:4,&quot;335562767&quot;:0,&quot;335562768&quot;:4,&quot;335562769&quot;:0}\"><span data-scheme-color=\"@FFFFFF,0,\" data-usefontface=\"true\" data-contrast=\"none\">Holly-Ouarzazate est une perle du sud du Maroc au couleur de Caramel,\u00a0<\/span><span data-scheme-color=\"@FFFFFF,0,\" data-usefontface=\"true\" data-contrast=\"none\">qui s\u2019est install\u00e9e \u00e0 l\u2019ombre des palmiers, entour\u00e9e par plusieurs vall\u00e9es\u00a0<\/span><span data-scheme-color=\"@FFFFFF,0,\" data-usefontface=\"true\" data-contrast=\"none\">et oasis verdoyants, des palmeraies et des villages de terre ocre, et des\u00a0<\/span><span data-scheme-color=\"@FFFFFF,0,\" data-usefontface=\"true\" data-contrast=\"none\">paysages splendides de plaines arides et des montagnes du Haut Atlas.\u00a0<\/span>\u200b<\/p>\n<p data-ccp-props=\"{&quot;335551550&quot;:1,&quot;335551620&quot;:1,&quot;335559683&quot;:0,&quot;335559685&quot;:0,&quot;335559731&quot;:0,&quot;335559737&quot;:0,&quot;335562764&quot;:2,&quot;335562765&quot;:1,&quot;335562766&quot;:4,&quot;335562767&quot;:0,&quot;335562768&quot;:4,&quot;335562769&quot;:0}\"><span data-scheme-color=\"@FFFFFF,0,\" data-usefontface=\"true\" data-contrast=\"none\">D\u00e9couvrez Ouarzazate, ses kasbahs et ses studios de cin\u00e9ma. Cette ville\u00a0<\/span><span data-scheme-color=\"@FFFFFF,0,\" data-usefontface=\"true\" data-contrast=\"none\">est aujourd&rsquo;hui devenue une destination incontournable, et un voyage\u00a0<\/span><span data-scheme-color=\"@FFFFFF,0,\" data-usefontface=\"true\" data-contrast=\"none\">au Maroc ne serait pas complet sans un d\u00e9tour par celle qu&rsquo;on nomme \u00ab\u00a0<\/span><span data-scheme-color=\"@FFFFFF,0,\" data-usefontface=\"true\" data-contrast=\"none\">la porte du d\u00e9sert \u00bb. Situ\u00e9e entre les vall\u00e9es de l&rsquo;oued Ouarzazate et de\u00a0<\/span><span data-scheme-color=\"@FFFFFF,0,\" data-usefontface=\"true\" data-contrast=\"none\">l&rsquo;oued Dad\u00e8s, cette ville est le centre n\u00e9vralgique du sud marocain. Sur\u00a0<\/span><span data-scheme-color=\"@FFFFFF,0,\" data-usefontface=\"true\" data-contrast=\"none\">la route qui y m\u00e8ne, vous d\u00e9couvrirez certains des plus beaux paysages\u00a0<\/span><span data-scheme-color=\"@FFFFFF,0,\" data-usefontface=\"true\" data-contrast=\"none\">du Maroc, depuis les hauteurs des montagnes de l&rsquo;Atlas.<\/span>\u200b<\/p>\n<p data-ccp-props=\"{&quot;335551550&quot;:1,&quot;335551620&quot;:1,&quot;335559683&quot;:0,&quot;335559685&quot;:0,&quot;335559731&quot;:0,&quot;335559737&quot;:0,&quot;335562764&quot;:2,&quot;335562765&quot;:1,&quot;335562766&quot;:4,&quot;335562767&quot;:0,&quot;335562768&quot;:4,&quot;335562769&quot;:0}\"><span data-scheme-color=\"@FFFFFF,0,\" data-usefontface=\"true\" data-contrast=\"none\">\u00a0avant d\u2019atteindre le col de Tizi N&rsquo;Tichka, l&rsquo;un des plus hauts passages\u00a0<\/span><span data-scheme-color=\"@FFFFFF,0,\" data-usefontface=\"true\" data-contrast=\"none\">routiers au Maroc, situ\u00e9 \u00e0 environ 2260 m\u00e8tres. Apr\u00e8s Tizi N\u2019Tichka qui\u00a0<\/span><span data-scheme-color=\"@FFFFFF,0,\" data-usefontface=\"true\" data-contrast=\"none\">relie Marrakech aux r\u00e9gions sahariennes, nous allons continuer vers la\u00a0<\/span><span data-scheme-color=\"@FFFFFF,0,\" data-usefontface=\"true\" data-contrast=\"none\">Kasbah Ait Ben Haddou, pour visiter cette \u0153uvre architectural\u00a0<\/span><span data-scheme-color=\"@FFFFFF,0,\" data-usefontface=\"true\" data-contrast=\"none\">majestueuse et authentique, inscrite au patrimoine humanitaire\u00a0<\/span><span data-scheme-color=\"@FFFFFF,0,\" data-usefontface=\"true\" data-contrast=\"none\">(Logement en gradins, portes en voute et remparts cr\u00e9nel\u00e9s). D\u00e9jeuner\u00a0<\/span><span data-scheme-color=\"@FFFFFF,0,\" data-usefontface=\"true\" data-contrast=\"none\">et continuation vers la ville de Ouarzazate o\u00f9 nous allons visiter \u00ab\u00a0<\/span><span data-scheme-color=\"@FFFFFF,0,\" data-usefontface=\"true\" data-contrast=\"none\">Kasbah Taourirt \u00bb et un studio de cin\u00e9ma avant de reprendre le chemin\u00a0<\/span><span data-scheme-color=\"@FFFFFF,0,\" data-usefontface=\"true\" data-contrast=\"none\">de retour vers Marrakech.<\/span>\u200b<\/p>\n","protected":false},"excerpt":{"rendered":"<ul>\n<li><b>Dur\u00e9e:<\/b>\u00a010 Heures<br \/>\n<b><\/b><\/li>\n<li><b>Distance:<\/b>\u00a0170 km x 2<br \/>\n<b><\/b><\/li>\n<li><b>Disponibilit\u00e9:<\/b>\u00a0Tous les jours<br \/>\n<b><\/b><\/li>\n<li><b>Heure de d\u00e9part:<\/b>\u00a008h00 am<\/li>\n<\/ul>\n","protected":false},"featured_media":1062,"template":"","meta":[],"product_cat":[39],"product_tag":[],"class_list":["post-1061","product","type-product","status-publish","has-post-thumbnail","hentry","product_cat-excursions"],"yoast_head":"<!-- This site is optimized with the Yoast SEO Premium plugin v15.5 - https:\/\/yoast.com\/wordpress\/plugins\/seo\/ -->\n<title>\u00a0UNE JOURN\u00c9E \u00c0 OUARZAZATE - AIT BEN HADDOU - New directions travel<\/title>\n<meta name=\"robots\" content=\"index, follow, max-snippet:-1, max-image-preview:large, max-video-preview:-1\" \/>\n<link rel=\"canonical\" href=\"https:\/\/www.newdirectiontravel.com\/fr\/product\/une-journee-a-ouarzazate-ait-ben-haddou\/\" \/>\n<meta property=\"og:locale\" content=\"fr_FR\" \/>\n<meta property=\"og:type\" content=\"article\" \/>\n<meta property=\"og:title\" content=\"\u00a0UNE JOURN\u00c9E \u00c0 OUARZAZATE - AIT BEN HADDOU - New directions travel\" \/>\n<meta property=\"og:description\" content=\"Dur\u00e9e:\u00a010 Heures   Distance:\u00a0170 km x 2   Disponibilit\u00e9:\u00a0Tous les jours   Heure de d\u00e9part:\u00a008h00 am\" \/>\n<meta property=\"og:url\" content=\"https:\/\/www.newdirectiontravel.com\/fr\/product\/une-journee-a-ouarzazate-ait-ben-haddou\/\" \/>\n<meta property=\"og:site_name\" content=\"New directions travel\" \/>\n<meta property=\"article:modified_time\" content=\"2021-10-27T21:50:07+00:00\" \/>\n<meta property=\"og:image\" content=\"https:\/\/www.newdirectiontravel.com\/wp-content\/uploads\/2021\/10\/ouarzazattt.jpg\" \/>\n\t<meta property=\"og:image:width\" content=\"2500\" \/>\n\t<meta property=\"og:image:height\" content=\"1647\" \/>\n<meta name=\"twitter:card\" content=\"summary_large_image\" \/>\n<meta name=\"twitter:label1\" content=\"Dur\u00e9e de lecture estim\u00e9e\">\n\t<meta name=\"twitter:data1\" content=\"1 minute\">\n<script type=\"application\/ld+json\" class=\"yoast-schema-graph\">{\"@context\":\"https:\/\/schema.org\",\"@graph\":[{\"@type\":\"Organization\",\"@id\":\"https:\/\/www.newdirectiontravel.com\/#organization\",\"name\":\"New Direction Travel - Agence de transport touristique marrakech\",\"url\":\"https:\/\/www.newdirectiontravel.com\/\",\"sameAs\":[],\"logo\":{\"@type\":\"ImageObject\",\"@id\":\"https:\/\/www.newdirectiontravel.com\/#logo\",\"inLanguage\":\"fr-FR\",\"url\":\"https:\/\/www.newdirectiontravel.com\/wp-content\/uploads\/2021\/10\/logo-ndt.png\",\"width\":163,\"height\":75,\"caption\":\"New Direction Travel - Agence de transport touristique marrakech\"},\"image\":{\"@id\":\"https:\/\/www.newdirectiontravel.com\/#logo\"}},{\"@type\":\"WebSite\",\"@id\":\"https:\/\/www.newdirectiontravel.com\/#website\",\"url\":\"https:\/\/www.newdirectiontravel.com\/\",\"name\":\"New directions travel\",\"description\":\"Activities\",\"publisher\":{\"@id\":\"https:\/\/www.newdirectiontravel.com\/#organization\"},\"potentialAction\":[{\"@type\":\"SearchAction\",\"target\":\"https:\/\/www.newdirectiontravel.com\/?s={search_term_string}\",\"query-input\":\"required name=search_term_string\"}],\"inLanguage\":\"fr-FR\"},{\"@type\":\"ImageObject\",\"@id\":\"https:\/\/www.newdirectiontravel.com\/product\/une-journee-a-ouarzazate-ait-ben-haddou\/#primaryimage\",\"inLanguage\":\"fr-FR\",\"url\":\"https:\/\/www.newdirectiontravel.com\/wp-content\/uploads\/2021\/10\/ouarzazattt.jpg\",\"width\":2500,\"height\":1647},{\"@type\":\"WebPage\",\"@id\":\"https:\/\/www.newdirectiontravel.com\/product\/une-journee-a-ouarzazate-ait-ben-haddou\/#webpage\",\"url\":\"https:\/\/www.newdirectiontravel.com\/product\/une-journee-a-ouarzazate-ait-ben-haddou\/\",\"name\":\"\\u00a0UNE JOURN\\u00c9E \\u00c0 OUARZAZATE - AIT BEN HADDOU - New directions travel\",\"isPartOf\":{\"@id\":\"https:\/\/www.newdirectiontravel.com\/#website\"},\"primaryImageOfPage\":{\"@id\":\"https:\/\/www.newdirectiontravel.com\/product\/une-journee-a-ouarzazate-ait-ben-haddou\/#primaryimage\"},\"datePublished\":\"2021-10-27T21:50:06+00:00\",\"dateModified\":\"2021-10-27T21:50:07+00:00\",\"inLanguage\":\"fr-FR\",\"potentialAction\":[{\"@type\":\"ReadAction\",\"target\":[\"https:\/\/www.newdirectiontravel.com\/product\/une-journee-a-ouarzazate-ait-ben-haddou\/\"]}]}]}<\/script>\n<!-- \/ Yoast SEO Premium plugin. -->","_links":{"self":[{"href":"https:\/\/www.newdirectiontravel.com\/fr\/wp-json\/wp\/v2\/product\/1061","targetHints":{"allow":["GET"]}}],"collection":[{"href":"https:\/\/www.newdirectiontravel.com\/fr\/wp-json\/wp\/v2\/product"}],"about":[{"href":"https:\/\/www.newdirectiontravel.com\/fr\/wp-json\/wp\/v2\/types\/product"}],"wp:featuredmedia":[{"embeddable":true,"href":"https:\/\/www.newdirectiontravel.com\/fr\/wp-json\/wp\/v2\/media\/1062"}],"wp:attachment":[{"href":"https:\/\/www.newdirectiontravel.com\/fr\/wp-json\/wp\/v2\/media?parent=1061"}],"wp:term":[{"taxonomy":"product_cat","embeddable":true,"href":"https:\/\/www.newdirectiontravel.com\/fr\/wp-json\/wp\/v2\/product_cat?post=1061"},{"taxonomy":"product_tag","embeddable":true,"href":"https:\/\/www.newdirectiontravel.com\/fr\/wp-json\/wp\/v2\/product_tag?post=1061"}],"curies":[{"name":"wp","href":"https:\/\/api.w.org\/{rel}","templated":true}]}}