{"id":1065,"date":"2021-10-27T21:55:27","date_gmt":"2021-10-27T21:55:27","guid":{"rendered":"https:\/\/www.newdirectiontravel.com\/?post_type=product&#038;p=1065"},"modified":"2021-10-27T21:55:27","modified_gmt":"2021-10-27T21:55:27","slug":"une-journee-a-la-ville-dagadir","status":"publish","type":"product","link":"https:\/\/www.newdirectiontravel.com\/fr\/product\/une-journee-a-la-ville-dagadir\/","title":{"rendered":"UNE JOURN\u00c9E \u00c0 la ville d&rsquo;AGADIR"},"content":{"rendered":"<p data-ccp-props=\"{&quot;335551550&quot;:1,&quot;335551620&quot;:1,&quot;335559683&quot;:0,&quot;335559685&quot;:0,&quot;335559731&quot;:0,&quot;335559737&quot;:0,&quot;335562764&quot;:2,&quot;335562765&quot;:1,&quot;335562766&quot;:4,&quot;335562767&quot;:0,&quot;335562768&quot;:4,&quot;335562769&quot;:0}\"><span data-scheme-color=\"@FFFFFF,0,\" data-usefontface=\"true\" data-contrast=\"none\">Situ\u00e9e \u00e0 environ 250 km de Marrakech, Agadir est la capitale de la r\u00e9gion\u00a0<\/span><span data-scheme-color=\"@FFFFFF,0,\" data-usefontface=\"true\" data-contrast=\"none\">du Souss et l\u2019une des plus belles stations baln\u00e9aires au Maroc, o\u00f9 il fait\u00a0<\/span><span data-scheme-color=\"@FFFFFF,0,\" data-usefontface=\"true\" data-contrast=\"none\">beau presque toute l\u2019ann\u00e9e gr\u00e2ce \u00e0 un climat agr\u00e9able et un soleil\u00a0<\/span><span data-scheme-color=\"@FFFFFF,0,\" data-usefontface=\"true\" data-contrast=\"none\">rayonnant presque 300 jours par an.<\/span>\u200b<\/p>\n<p data-ccp-props=\"{&quot;335551550&quot;:1,&quot;335551620&quot;:1,&quot;335559683&quot;:0,&quot;335559685&quot;:0,&quot;335559731&quot;:0,&quot;335559737&quot;:0,&quot;335562764&quot;:2,&quot;335562765&quot;:1,&quot;335562766&quot;:4,&quot;335562767&quot;:0,&quot;335562768&quot;:4,&quot;335562769&quot;:0}\"><span data-scheme-color=\"@FFFFFF,0,\" data-usefontface=\"true\" data-contrast=\"none\">Le voyage commence \u00e0 7h00, pour partir pour la ville d&rsquo;Agadir et profiter du <\/span><span data-scheme-color=\"@FFFFFF,0,\" data-usefontface=\"true\" data-contrast=\"none\">paysage en cours de route.<\/span>\u200b<\/p>\n<p data-ccp-props=\"{&quot;335551550&quot;:1,&quot;335551620&quot;:1,&quot;335559683&quot;:0,&quot;335559685&quot;:0,&quot;335559731&quot;:0,&quot;335559737&quot;:0,&quot;335562764&quot;:2,&quot;335562765&quot;:1,&quot;335562766&quot;:4,&quot;335562767&quot;:0,&quot;335562768&quot;:4,&quot;335562769&quot;:0}\"><span data-scheme-color=\"@FFFFFF,0,\" data-usefontface=\"true\" data-contrast=\"none\">Lors de ce voyage, vous aurez l&rsquo;occasion de visiter le c\u00e9l\u00e8bre parc du\u00a0<\/span><span data-scheme-color=\"@FFFFFF,0,\" data-usefontface=\"true\" data-contrast=\"none\">Crocoparc en moins d&rsquo;une heure et demie (non inclus dans le prix) puis de\u00a0<\/span><span data-scheme-color=\"@FFFFFF,0,\" data-usefontface=\"true\" data-contrast=\"none\">vous diriger vers Agadir OUfla, le site arch\u00e9ologique et historique d&rsquo;Agadir <\/span><span data-scheme-color=\"@FFFFFF,0,\" data-usefontface=\"true\" data-contrast=\"none\">Oufla, o\u00f9 vous surplomberez le vue panoramique de cette hauteur et visite\u00a0<\/span><span data-scheme-color=\"@FFFFFF,0,\" data-usefontface=\"true\" data-contrast=\"none\">de la Kasbah d&rsquo;Ufla.<\/span>\u200b<\/p>\n<p data-ccp-props=\"{&quot;335551550&quot;:1,&quot;335551620&quot;:1,&quot;335559683&quot;:0,&quot;335559685&quot;:0,&quot;335559731&quot;:0,&quot;335559737&quot;:0,&quot;335562764&quot;:2,&quot;335562765&quot;:1,&quot;335562766&quot;:4,&quot;335562767&quot;:0,&quot;335562768&quot;:4,&quot;335562769&quot;:0}\">\u200b<\/p>\n<p data-ccp-props=\"{&quot;335551550&quot;:1,&quot;335551620&quot;:1,&quot;335559683&quot;:0,&quot;335559685&quot;:0,&quot;335559731&quot;:0,&quot;335559737&quot;:0,&quot;335562764&quot;:2,&quot;335562765&quot;:1,&quot;335562766&quot;:4,&quot;335562767&quot;:0,&quot;335562768&quot;:4,&quot;335562769&quot;:0}\"><span data-scheme-color=\"@FFFFFF,0,\" data-usefontface=\"true\" data-contrast=\"none\">Ensuite, le chauffeur vous conduira sur la belle et calme plage d&rsquo;Agadir\u00a0<\/span><span data-scheme-color=\"@FFFFFF,0,\" data-usefontface=\"true\" data-contrast=\"none\">(temps libre) pour pratiquer des activit\u00e9s optionnelles (animations,\u00a0<\/span><span data-scheme-color=\"@FFFFFF,0,\" data-usefontface=\"true\" data-contrast=\"none\">pratiquer certains sports nautiques \u00e0 volont\u00e9, prendre des photos et des\u00a0<\/span><span data-scheme-color=\"@FFFFFF,0,\" data-usefontface=\"true\" data-contrast=\"none\">selfies, et documenter les plus beaux moments).<\/span>\u200b<\/p>\n<p data-ccp-props=\"{&quot;335551550&quot;:1,&quot;335551620&quot;:1,&quot;335559683&quot;:0,&quot;335559685&quot;:0,&quot;335559731&quot;:0,&quot;335559737&quot;:0,&quot;335562764&quot;:2,&quot;335562765&quot;:1,&quot;335562766&quot;:4,&quot;335562767&quot;:0,&quot;335562768&quot;:4,&quot;335562769&quot;:0}\"><span data-scheme-color=\"@FFFFFF,0,\" data-usefontface=\"true\" data-contrast=\"none\">nous allons d\u00e9couvrir des expositions de poterie, de tapis et des anciens\u00a0<\/span><span data-scheme-color=\"@FFFFFF,0,\" data-usefontface=\"true\" data-contrast=\"none\">bijoux berb\u00e8res avant de terminer notre visite au fameux Souk El Had, o\u00f9\u00a0<\/span><span data-scheme-color=\"@FFFFFF,0,\" data-usefontface=\"true\" data-contrast=\"none\">plus de 6000 boutiques vous ouvrent leurs portes pour d\u00e9couvrir une tr\u00e8s\u00a0<\/span><span data-scheme-color=\"@FFFFFF,0,\" data-usefontface=\"true\" data-contrast=\"none\">grande vari\u00e9t\u00e9 de produits et articles dans une belle ambiance anim\u00e9e par\u00a0<\/span><span data-scheme-color=\"@FFFFFF,0,\" data-usefontface=\"true\" data-contrast=\"none\">les marchand n\u00e9gociateurs. A la fin de la visite une superbe tourn\u00e9e de la\u00a0<\/span><span data-scheme-color=\"@FFFFFF,0,\" data-usefontface=\"true\" data-contrast=\"none\">ville avant de reprendre le chemin vers Marrakech.<\/span>\u200b<\/p>\n","protected":false},"excerpt":{"rendered":"<ul>\n<li><b>Dur\u00e9e:<\/b>\u00a012 Heures<br \/>\n<b><\/b><\/li>\n<li><b>Distance:<\/b>\u00a0250 km x 2<br \/>\n<b><\/b><\/li>\n<li><b>Disponibilit\u00e9:<\/b>\u00a0Tous les jours<br \/>\n<b><\/b><\/li>\n<li><b>Heure de d\u00e9part:<\/b>\u00a007h00 am<\/li>\n<\/ul>\n","protected":false},"featured_media":1066,"template":"","meta":[],"product_cat":[39],"product_tag":[],"class_list":["post-1065","product","type-product","status-publish","has-post-thumbnail","hentry","product_cat-excursions"],"yoast_head":"<!-- This site is optimized with the Yoast SEO Premium plugin v15.5 - https:\/\/yoast.com\/wordpress\/plugins\/seo\/ -->\n<title>UNE JOURN\u00c9E \u00c0 la ville d&#039;AGADIR - New directions travel<\/title>\n<meta name=\"robots\" content=\"index, follow, max-snippet:-1, max-image-preview:large, max-video-preview:-1\" \/>\n<link rel=\"canonical\" href=\"https:\/\/www.newdirectiontravel.com\/fr\/product\/une-journee-a-la-ville-dagadir\/\" \/>\n<meta property=\"og:locale\" content=\"fr_FR\" \/>\n<meta property=\"og:type\" content=\"article\" \/>\n<meta property=\"og:title\" content=\"UNE JOURN\u00c9E \u00c0 la ville d&#039;AGADIR - New directions travel\" \/>\n<meta property=\"og:description\" content=\"Dur\u00e9e:\u00a012 Heures   Distance:\u00a0250 km x 2   Disponibilit\u00e9:\u00a0Tous les jours   Heure de d\u00e9part:\u00a007h00 am\" \/>\n<meta property=\"og:url\" content=\"https:\/\/www.newdirectiontravel.com\/fr\/product\/une-journee-a-la-ville-dagadir\/\" \/>\n<meta property=\"og:site_name\" content=\"New directions travel\" \/>\n<meta property=\"og:image\" content=\"https:\/\/www.newdirectiontravel.com\/wp-content\/uploads\/2021\/10\/agadir.jpg\" \/>\n\t<meta property=\"og:image:width\" content=\"310\" \/>\n\t<meta property=\"og:image:height\" content=\"163\" \/>\n<meta name=\"twitter:card\" content=\"summary_large_image\" \/>\n<meta name=\"twitter:label1\" content=\"Dur\u00e9e de lecture estim\u00e9e\">\n\t<meta name=\"twitter:data1\" content=\"1 minute\">\n<script type=\"application\/ld+json\" class=\"yoast-schema-graph\">{\"@context\":\"https:\/\/schema.org\",\"@graph\":[{\"@type\":\"Organization\",\"@id\":\"https:\/\/www.newdirectiontravel.com\/#organization\",\"name\":\"New Direction Travel - Agence de transport touristique marrakech\",\"url\":\"https:\/\/www.newdirectiontravel.com\/\",\"sameAs\":[],\"logo\":{\"@type\":\"ImageObject\",\"@id\":\"https:\/\/www.newdirectiontravel.com\/#logo\",\"inLanguage\":\"fr-FR\",\"url\":\"https:\/\/www.newdirectiontravel.com\/wp-content\/uploads\/2021\/10\/logo-ndt.png\",\"width\":163,\"height\":75,\"caption\":\"New Direction Travel - Agence de transport touristique marrakech\"},\"image\":{\"@id\":\"https:\/\/www.newdirectiontravel.com\/#logo\"}},{\"@type\":\"WebSite\",\"@id\":\"https:\/\/www.newdirectiontravel.com\/#website\",\"url\":\"https:\/\/www.newdirectiontravel.com\/\",\"name\":\"New directions travel\",\"description\":\"Activities\",\"publisher\":{\"@id\":\"https:\/\/www.newdirectiontravel.com\/#organization\"},\"potentialAction\":[{\"@type\":\"SearchAction\",\"target\":\"https:\/\/www.newdirectiontravel.com\/?s={search_term_string}\",\"query-input\":\"required name=search_term_string\"}],\"inLanguage\":\"fr-FR\"},{\"@type\":\"ImageObject\",\"@id\":\"https:\/\/www.newdirectiontravel.com\/product\/une-journee-a-la-ville-dagadir\/#primaryimage\",\"inLanguage\":\"fr-FR\",\"url\":\"https:\/\/www.newdirectiontravel.com\/wp-content\/uploads\/2021\/10\/agadir.jpg\",\"width\":310,\"height\":163},{\"@type\":\"WebPage\",\"@id\":\"https:\/\/www.newdirectiontravel.com\/product\/une-journee-a-la-ville-dagadir\/#webpage\",\"url\":\"https:\/\/www.newdirectiontravel.com\/product\/une-journee-a-la-ville-dagadir\/\",\"name\":\"UNE JOURN\\u00c9E \\u00c0 la ville d'AGADIR - New directions travel\",\"isPartOf\":{\"@id\":\"https:\/\/www.newdirectiontravel.com\/#website\"},\"primaryImageOfPage\":{\"@id\":\"https:\/\/www.newdirectiontravel.com\/product\/une-journee-a-la-ville-dagadir\/#primaryimage\"},\"datePublished\":\"2021-10-27T21:55:27+00:00\",\"dateModified\":\"2021-10-27T21:55:27+00:00\",\"inLanguage\":\"fr-FR\",\"potentialAction\":[{\"@type\":\"ReadAction\",\"target\":[\"https:\/\/www.newdirectiontravel.com\/product\/une-journee-a-la-ville-dagadir\/\"]}]}]}<\/script>\n<!-- \/ Yoast SEO Premium plugin. -->","_links":{"self":[{"href":"https:\/\/www.newdirectiontravel.com\/fr\/wp-json\/wp\/v2\/product\/1065","targetHints":{"allow":["GET"]}}],"collection":[{"href":"https:\/\/www.newdirectiontravel.com\/fr\/wp-json\/wp\/v2\/product"}],"about":[{"href":"https:\/\/www.newdirectiontravel.com\/fr\/wp-json\/wp\/v2\/types\/product"}],"wp:featuredmedia":[{"embeddable":true,"href":"https:\/\/www.newdirectiontravel.com\/fr\/wp-json\/wp\/v2\/media\/1066"}],"wp:attachment":[{"href":"https:\/\/www.newdirectiontravel.com\/fr\/wp-json\/wp\/v2\/media?parent=1065"}],"wp:term":[{"taxonomy":"product_cat","embeddable":true,"href":"https:\/\/www.newdirectiontravel.com\/fr\/wp-json\/wp\/v2\/product_cat?post=1065"},{"taxonomy":"product_tag","embeddable":true,"href":"https:\/\/www.newdirectiontravel.com\/fr\/wp-json\/wp\/v2\/product_tag?post=1065"}],"curies":[{"name":"wp","href":"https:\/\/api.w.org\/{rel}","templated":true}]}}