{"id":1077,"date":"2021-10-27T22:30:36","date_gmt":"2021-10-27T22:30:36","guid":{"rendered":"https:\/\/www.newdirectiontravel.com\/?post_type=product&#038;p=1077"},"modified":"2021-10-27T22:30:36","modified_gmt":"2021-10-27T22:30:36","slug":"le-tour-des-villes-cotieres-de-marrakech-a-taroudante-5-jours%e2%80%8b","status":"publish","type":"product","link":"https:\/\/www.newdirectiontravel.com\/fr\/product\/le-tour-des-villes-cotieres-de-marrakech-a-taroudante-5-jours%e2%80%8b\/","title":{"rendered":"LE TOUR DES VILLES C\u00d4TI\u00c8RES \/de Marrakech a taroudante  5 jours:\u200b"},"content":{"rendered":"<h3 data-ccp-props=\"{&quot;335551550&quot;:1,&quot;335551620&quot;:1,&quot;335559683&quot;:0,&quot;335559685&quot;:0,&quot;335559731&quot;:0,&quot;335559737&quot;:0,&quot;335562764&quot;:2,&quot;335562765&quot;:1,&quot;335562766&quot;:4,&quot;335562767&quot;:0,&quot;335562768&quot;:4,&quot;335562769&quot;:0}\"><span data-scheme-color=\"@FFFFFF,0,\" data-usefontface=\"true\" data-contrast=\"none\">5 Jours de Marrakech , Essaouira, Agadir, Taroudant\u2026<\/span>\u200b<\/h3>\n<p data-ccp-props=\"{&quot;335551550&quot;:1,&quot;335551620&quot;:1,&quot;335559683&quot;:0,&quot;335559685&quot;:0,&quot;335559731&quot;:0,&quot;335559737&quot;:0,&quot;335562764&quot;:2,&quot;335562765&quot;:1,&quot;335562766&quot;:4,&quot;335562767&quot;:0,&quot;335562768&quot;:4,&quot;335562769&quot;:0}\"><span data-scheme-color=\"@FF0000,,\" data-usefontface=\"false\" data-contrast=\"none\"><strong>J\u20131 :<\/strong> <\/span>\u200b<\/p>\n<p data-ccp-props=\"{&quot;335551550&quot;:1,&quot;335551620&quot;:1,&quot;335559683&quot;:0,&quot;335559685&quot;:0,&quot;335559731&quot;:0,&quot;335559737&quot;:0,&quot;335562764&quot;:2,&quot;335562765&quot;:1,&quot;335562766&quot;:4,&quot;335562767&quot;:0,&quot;335562768&quot;:4,&quot;335562769&quot;:0}\"><span data-scheme-color=\"@FFFFFF,0,\" data-usefontface=\"true\" data-contrast=\"none\">D\u00e9part de Marrakech le Matin vers Essaouira, une magnifique ville portuaire calme et authentique connue l\u2019artisanat du\u00a0<\/span><span data-scheme-color=\"@FFFFFF,0,\" data-usefontface=\"true\" data-contrast=\"none\">bois de c\u00e8dre, ses remparts et son port portugais \u2018Mogador\u2019. Nous allons consacrer cette premi\u00e8re journ\u00e9e pour visite de la\u00a0<\/span><span data-scheme-color=\"@FFFFFF,0,\" data-usefontface=\"true\" data-contrast=\"none\">Medina d\u2019Essaouira \u00ab la veille ville \u00bb, le souk et le port puis une d\u00e9tente sur la belle plage de la ville et baignade selon le\u00a0<\/span><span data-scheme-color=\"@FFFFFF,0,\" data-usefontface=\"true\" data-contrast=\"none\">climat. D\u00eener et nuit \u00e0 l\u2019h\u00f4tel.<\/span>\u200b<\/p>\n<p data-ccp-props=\"{&quot;335551550&quot;:1,&quot;335551620&quot;:1,&quot;335559683&quot;:0,&quot;335559685&quot;:0,&quot;335559731&quot;:0,&quot;335559737&quot;:0,&quot;335562764&quot;:2,&quot;335562765&quot;:1,&quot;335562766&quot;:4,&quot;335562767&quot;:0,&quot;335562768&quot;:4,&quot;335562769&quot;:0}\"><span data-scheme-color=\"@FF0000,,\" data-usefontface=\"false\" data-contrast=\"none\"><strong>J\u20132 :<\/strong> <\/span>\u200b<\/p>\n<p data-ccp-props=\"{&quot;335551550&quot;:1,&quot;335551620&quot;:1,&quot;335559683&quot;:0,&quot;335559685&quot;:0,&quot;335559731&quot;:0,&quot;335559737&quot;:0,&quot;335562764&quot;:2,&quot;335562765&quot;:1,&quot;335562766&quot;:4,&quot;335562767&quot;:0,&quot;335562768&quot;:4,&quot;335562769&quot;:0}\"><span data-scheme-color=\"@FFFFFF,0,\" data-usefontface=\"true\" data-contrast=\"none\">Petit d\u00e9jeuner \u00e0 l\u2019h\u00f4tel et d\u00e9part vers Agadir en visitant sur le chemin la magnifique plage de Sidi Kaouki et le village\u00a0<\/span><span data-scheme-color=\"@FFFFFF,0,\" data-usefontface=\"true\" data-contrast=\"none\">pittoresque de Taghazoute situ\u00e9 au bord de la mer. C\u2019est l\u2019une des plus belles routes c\u00f4ti\u00e8res au Maroc o\u00f9 vous pouvez\u00a0<\/span><span data-scheme-color=\"@FFFFFF,0,\" data-usefontface=\"true\" data-contrast=\"none\">profiter le long du chemin des magnifiques vue sur l\u2019oc\u00e9an.<\/span>\u200b<br \/>\n\u200b<br \/>\n<span data-scheme-color=\"@FFFFFF,0,\" data-usefontface=\"true\" data-contrast=\"none\">Nous commen\u00e7ons la visite d\u2019Agadir par un arr\u00eat \u00e0 la Kasbah Ouffela qui offre une vue panoramique et captivante sur le\u00a0<\/span><span data-scheme-color=\"@FFFFFF,0,\" data-usefontface=\"true\" data-contrast=\"none\">port, la plage et la corniche d\u2019Agadir. Nous allons faire une petite promenade sur la corniche avant de visiter la vall\u00e9e des\u00a0<\/span><span data-scheme-color=\"@FFFFFF,0,\" data-usefontface=\"true\" data-contrast=\"none\">oiseaux et le mus\u00e9 des arts et traditions populaires o\u00f9 vous allez d\u00e9couvrir une exposition de poterie, tapis et anciens bijoux\u00a0<\/span><span data-scheme-color=\"@FFFFFF,0,\" data-usefontface=\"true\" data-contrast=\"none\">berb\u00e8res. D\u00eener et nuit \u00e0 l\u2019h\u00f4tel<\/span>\u200b<\/p>\n<p data-ccp-props=\"{&quot;335551550&quot;:1,&quot;335551620&quot;:1,&quot;335559683&quot;:0,&quot;335559685&quot;:0,&quot;335559731&quot;:0,&quot;335559737&quot;:0,&quot;335562764&quot;:2,&quot;335562765&quot;:1,&quot;335562766&quot;:4,&quot;335562767&quot;:0,&quot;335562768&quot;:4,&quot;335562769&quot;:0}\"><span data-scheme-color=\"@FF0000,,\" data-usefontface=\"false\" data-contrast=\"none\"><strong>J \u2013 3 :<\/strong> <\/span>\u200b<\/p>\n<p data-ccp-props=\"{&quot;335551550&quot;:1,&quot;335551620&quot;:1,&quot;335559683&quot;:0,&quot;335559685&quot;:0,&quot;335559731&quot;:0,&quot;335559737&quot;:0,&quot;335562764&quot;:2,&quot;335562765&quot;:1,&quot;335562766&quot;:4,&quot;335562767&quot;:0,&quot;335562768&quot;:4,&quot;335562769&quot;:0}\"><span data-scheme-color=\"@FFFFFF,0,\" data-usefontface=\"true\" data-contrast=\"none\">Apr\u00e8s le petit d\u00e9jeuner, nous prendrons la route vers Sidi Ifni en passant par Tiznit, visite de la ville de Sidi Ifni et de sa\u00a0<\/span><span data-scheme-color=\"@FFFFFF,0,\" data-usefontface=\"true\" data-contrast=\"none\">magnifique plage blanche.\u00a0Dans cette journ\u00e9e nous allons visiter le magnifique village de Tafraoute connu par l\u2019huile\u00a0<\/span><span data-scheme-color=\"@FFFFFF,0,\" data-usefontface=\"true\" data-contrast=\"none\">d\u2019Argan.\u00a0Nous pourrons par la suite visiter la merveilleuse vall\u00e9e d\u2019Ameln situ\u00e9e \u00e0 proximit\u00e9 de Tafraout o\u00f9 vous serez\u00a0<\/span><span data-scheme-color=\"@FFFFFF,0,\" data-usefontface=\"true\" data-contrast=\"none\">invit\u00e9s \u00e0 une promenade \u00e0 pied pour profiter de la beaut\u00e9 des paysages naturels.<\/span>\u200b<\/p>\n<p data-ccp-props=\"{&quot;335551550&quot;:1,&quot;335551620&quot;:1,&quot;335559683&quot;:0,&quot;335559685&quot;:0,&quot;335559731&quot;:0,&quot;335559737&quot;:0,&quot;335562764&quot;:2,&quot;335562765&quot;:1,&quot;335562766&quot;:4,&quot;335562767&quot;:0,&quot;335562768&quot;:4,&quot;335562769&quot;:0}\"><strong>J\u2013 4 :<\/strong>\u200b<\/p>\n<p data-ccp-props=\"{&quot;335551550&quot;:1,&quot;335551620&quot;:1,&quot;335559683&quot;:0,&quot;335559685&quot;:0,&quot;335559731&quot;:0,&quot;335559737&quot;:0,&quot;335562764&quot;:2,&quot;335562765&quot;:1,&quot;335562766&quot;:4,&quot;335562767&quot;:0,&quot;335562768&quot;:4,&quot;335562769&quot;:0}\"><span data-scheme-color=\"@FFFFFF,0,\" data-usefontface=\"true\" data-contrast=\"none\">Petit d\u00e9jeuner \u00e0 l\u2019h\u00f4tel et d\u00e9part vers Taroudante via Chtouka Ait Baha, Visite de La Medina, des remparts et des Souks.\u00a0<\/span><span data-scheme-color=\"@FFFFFF,0,\" data-usefontface=\"true\" data-contrast=\"none\">D\u00eener et nuit \u00e0 l\u2019h\u00f4tel<\/span>\u200b<\/p>\n<p data-ccp-props=\"{&quot;335551550&quot;:1,&quot;335551620&quot;:1,&quot;335559683&quot;:0,&quot;335559685&quot;:0,&quot;335559731&quot;:0,&quot;335559737&quot;:0,&quot;335562764&quot;:2,&quot;335562765&quot;:1,&quot;335562766&quot;:4,&quot;335562767&quot;:0,&quot;335562768&quot;:4,&quot;335562769&quot;:0}\"><span data-scheme-color=\"@FF0000,,\" data-usefontface=\"false\" data-contrast=\"none\"><strong>J\u2013 5 :<\/strong> <\/span>\u200b<\/p>\n<p data-ccp-props=\"{&quot;335551550&quot;:1,&quot;335551620&quot;:1,&quot;335559683&quot;:0,&quot;335559685&quot;:0,&quot;335559731&quot;:0,&quot;335559737&quot;:0,&quot;335562764&quot;:2,&quot;335562765&quot;:1,&quot;335562766&quot;:4,&quot;335562767&quot;:0,&quot;335562768&quot;:4,&quot;335562769&quot;:0}\"><span data-scheme-color=\"@FFFFFF,0,\" data-usefontface=\"true\" data-contrast=\"none\">D\u00e9part t\u00f4t le matin vers Marrakech via le col Le tizi N&rsquo;Test. Sur la route nous allons passer par un magnifique village\u00a0<\/span><span data-scheme-color=\"@FFFFFF,0,\" data-usefontface=\"true\" data-contrast=\"none\">berb\u00e8re, Tinmel o\u00f9 nous allons nous arr\u00eater pour faire une petite visite de la mosqu\u00e9e puis continuation vers Marrakech.<\/span>\u200b<\/p>\n","protected":false},"excerpt":{"rendered":"<ul>\n<li>\u00a0Dur\u00e9e: 5 jours<\/li>\n<li>\u00a0Disponibilit\u00e9: Tous les jours<\/li>\n<li>\u00a0Heure de d\u00e9part: 07h00 am<\/li>\n<li>\u00a0Transport avec chauffeur guide<\/li>\n<li>\u00a0V\u00e9hicule climatis\u00e9 et tr\u00e8s confort 4&#215;4 ou bien minibus<\/li>\n<li>\u00a0H\u00e9bergement en demi-pension: 4 nuits<\/li>\n<li>\u00a0Assurance de transport<\/li>\n<li>\u00a0Service de qualit\u00e9 et fiabilit\u00e9<\/li>\n<li>\u00a0Toutes les taxes<\/li>\n<\/ul>\n","protected":false},"featured_media":1078,"template":"","meta":[],"product_cat":[55],"product_tag":[],"class_list":["post-1077","product","type-product","status-publish","has-post-thumbnail","hentry","product_cat-nos-circuits"],"yoast_head":"<!-- This site is optimized with the Yoast SEO Premium plugin v15.5 - https:\/\/yoast.com\/wordpress\/plugins\/seo\/ -->\n<title>LE TOUR DES VILLES C\u00d4TI\u00c8RES \/de Marrakech a taroudante 5 jours:\u200b - New directions travel<\/title>\n<meta name=\"robots\" content=\"index, follow, max-snippet:-1, max-image-preview:large, max-video-preview:-1\" \/>\n<link rel=\"canonical\" href=\"https:\/\/www.newdirectiontravel.com\/fr\/product\/le-tour-des-villes-cotieres-de-marrakech-a-taroudante-5-jours\u200b\/\" \/>\n<meta property=\"og:locale\" content=\"fr_FR\" \/>\n<meta property=\"og:type\" content=\"article\" \/>\n<meta property=\"og:title\" content=\"LE TOUR DES VILLES C\u00d4TI\u00c8RES \/de Marrakech a taroudante 5 jours:\u200b - New directions travel\" \/>\n<meta property=\"og:description\" content=\"\u00a0Dur\u00e9e: 5 jours  \u00a0Disponibilit\u00e9: Tous les jours  \u00a0Heure de d\u00e9part: 07h00 am  \u00a0Transport avec chauffeur guide  \u00a0V\u00e9hicule climatis\u00e9 et tr\u00e8s confort 4x4 ou bien minibus  \u00a0H\u00e9bergement en demi-pension: 4 nuits  \u00a0Assurance de transport  \u00a0Service de qualit\u00e9 et fiabilit\u00e9  \u00a0Toutes les taxes\" \/>\n<meta property=\"og:url\" content=\"https:\/\/www.newdirectiontravel.com\/fr\/product\/le-tour-des-villes-cotieres-de-marrakech-a-taroudante-5-jours\u200b\/\" \/>\n<meta property=\"og:site_name\" content=\"New directions travel\" \/>\n<meta property=\"og:image\" content=\"https:\/\/www.newdirectiontravel.com\/wp-content\/uploads\/2021\/10\/ville-cotieres.jpg\" \/>\n\t<meta property=\"og:image:width\" content=\"849\" \/>\n\t<meta property=\"og:image:height\" content=\"566\" \/>\n<meta name=\"twitter:card\" content=\"summary_large_image\" \/>\n<meta name=\"twitter:label1\" content=\"Dur\u00e9e de lecture estim\u00e9e\">\n\t<meta name=\"twitter:data1\" content=\"2 minutes\">\n<script type=\"application\/ld+json\" class=\"yoast-schema-graph\">{\"@context\":\"https:\/\/schema.org\",\"@graph\":[{\"@type\":\"Organization\",\"@id\":\"https:\/\/www.newdirectiontravel.com\/#organization\",\"name\":\"New Direction Travel - Agence de transport touristique marrakech\",\"url\":\"https:\/\/www.newdirectiontravel.com\/\",\"sameAs\":[],\"logo\":{\"@type\":\"ImageObject\",\"@id\":\"https:\/\/www.newdirectiontravel.com\/#logo\",\"inLanguage\":\"fr-FR\",\"url\":\"https:\/\/www.newdirectiontravel.com\/wp-content\/uploads\/2021\/10\/logo-ndt.png\",\"width\":163,\"height\":75,\"caption\":\"New Direction Travel - Agence de transport touristique marrakech\"},\"image\":{\"@id\":\"https:\/\/www.newdirectiontravel.com\/#logo\"}},{\"@type\":\"WebSite\",\"@id\":\"https:\/\/www.newdirectiontravel.com\/#website\",\"url\":\"https:\/\/www.newdirectiontravel.com\/\",\"name\":\"New directions travel\",\"description\":\"Activities\",\"publisher\":{\"@id\":\"https:\/\/www.newdirectiontravel.com\/#organization\"},\"potentialAction\":[{\"@type\":\"SearchAction\",\"target\":\"https:\/\/www.newdirectiontravel.com\/?s={search_term_string}\",\"query-input\":\"required name=search_term_string\"}],\"inLanguage\":\"fr-FR\"},{\"@type\":\"ImageObject\",\"@id\":\"https:\/\/www.newdirectiontravel.com\/product\/le-tour-des-villes-cotieres-de-marrakech-a-taroudante-5-jours%e2%80%8b\/#primaryimage\",\"inLanguage\":\"fr-FR\",\"url\":\"https:\/\/www.newdirectiontravel.com\/wp-content\/uploads\/2021\/10\/ville-cotieres.jpg\",\"width\":849,\"height\":566},{\"@type\":\"WebPage\",\"@id\":\"https:\/\/www.newdirectiontravel.com\/product\/le-tour-des-villes-cotieres-de-marrakech-a-taroudante-5-jours%e2%80%8b\/#webpage\",\"url\":\"https:\/\/www.newdirectiontravel.com\/product\/le-tour-des-villes-cotieres-de-marrakech-a-taroudante-5-jours%e2%80%8b\/\",\"name\":\"LE TOUR DES VILLES C\\u00d4TI\\u00c8RES \/de Marrakech a taroudante 5 jours:\\u200b - New directions travel\",\"isPartOf\":{\"@id\":\"https:\/\/www.newdirectiontravel.com\/#website\"},\"primaryImageOfPage\":{\"@id\":\"https:\/\/www.newdirectiontravel.com\/product\/le-tour-des-villes-cotieres-de-marrakech-a-taroudante-5-jours%e2%80%8b\/#primaryimage\"},\"datePublished\":\"2021-10-27T22:30:36+00:00\",\"dateModified\":\"2021-10-27T22:30:36+00:00\",\"inLanguage\":\"fr-FR\",\"potentialAction\":[{\"@type\":\"ReadAction\",\"target\":[\"https:\/\/www.newdirectiontravel.com\/product\/le-tour-des-villes-cotieres-de-marrakech-a-taroudante-5-jours%e2%80%8b\/\"]}]}]}<\/script>\n<!-- \/ Yoast SEO Premium plugin. -->","_links":{"self":[{"href":"https:\/\/www.newdirectiontravel.com\/fr\/wp-json\/wp\/v2\/product\/1077","targetHints":{"allow":["GET"]}}],"collection":[{"href":"https:\/\/www.newdirectiontravel.com\/fr\/wp-json\/wp\/v2\/product"}],"about":[{"href":"https:\/\/www.newdirectiontravel.com\/fr\/wp-json\/wp\/v2\/types\/product"}],"wp:featuredmedia":[{"embeddable":true,"href":"https:\/\/www.newdirectiontravel.com\/fr\/wp-json\/wp\/v2\/media\/1078"}],"wp:attachment":[{"href":"https:\/\/www.newdirectiontravel.com\/fr\/wp-json\/wp\/v2\/media?parent=1077"}],"wp:term":[{"taxonomy":"product_cat","embeddable":true,"href":"https:\/\/www.newdirectiontravel.com\/fr\/wp-json\/wp\/v2\/product_cat?post=1077"},{"taxonomy":"product_tag","embeddable":true,"href":"https:\/\/www.newdirectiontravel.com\/fr\/wp-json\/wp\/v2\/product_tag?post=1077"}],"curies":[{"name":"wp","href":"https:\/\/api.w.org\/{rel}","templated":true}]}}