{"id":1082,"date":"2021-10-27T22:38:34","date_gmt":"2021-10-27T22:38:34","guid":{"rendered":"https:\/\/www.newdirectiontravel.com\/?post_type=product&#038;p=1082"},"modified":"2021-10-27T22:38:34","modified_gmt":"2021-10-27T22:38:34","slug":"4-jours-erg-chigaga-depart-de-marrakech","status":"publish","type":"product","link":"https:\/\/www.newdirectiontravel.com\/fr\/product\/4-jours-erg-chigaga-depart-de-marrakech\/","title":{"rendered":"4 jours Erg Chigaga d\u00e9part de Marrakech"},"content":{"rendered":"<p data-ccp-props=\"{&quot;335551550&quot;:1,&quot;335551620&quot;:1,&quot;335559683&quot;:0,&quot;335559685&quot;:0,&quot;335559731&quot;:0,&quot;335559737&quot;:0,&quot;335562764&quot;:2,&quot;335562765&quot;:1,&quot;335562766&quot;:4,&quot;335562767&quot;:0,&quot;335562768&quot;:4,&quot;335562769&quot;:0}\"><strong>J \u2013 1 :<\/strong>\u200b<\/p>\n<p data-ccp-props=\"{&quot;335551550&quot;:6,&quot;335551620&quot;:6,&quot;335559683&quot;:0,&quot;335559685&quot;:0,&quot;335559731&quot;:0,&quot;335559737&quot;:0,&quot;335562764&quot;:2,&quot;335562765&quot;:1,&quot;335562766&quot;:4,&quot;335562767&quot;:0,&quot;335562768&quot;:4,&quot;335562769&quot;:0}\"><span data-scheme-color=\"@FFFFFF,0,\" data-usefontface=\"true\" data-contrast=\"none\">Rendez-vous le matin \u00e0 8h00. D\u00e9part en 4&#215;4 vers Mhamid en passant par le col de Tizi-N-Tichka, poursuite pour rejoindre la kasbah\u00a0<\/span><span data-scheme-color=\"@FFFFFF,0,\" data-usefontface=\"true\" data-contrast=\"none\">de Tamdakhte et celle de Ait Ben Haddou puis arriv\u00e9e \u00e0 Ouarzazate. Repas de midi sur place.<\/span>\u200b<\/p>\n<p data-ccp-props=\"{&quot;335551550&quot;:6,&quot;335551620&quot;:6,&quot;335559683&quot;:0,&quot;335559685&quot;:0,&quot;335559731&quot;:0,&quot;335559737&quot;:0,&quot;335562764&quot;:2,&quot;335562765&quot;:1,&quot;335562766&quot;:4,&quot;335562767&quot;:0,&quot;335562768&quot;:4,&quot;335562769&quot;:0}\"><span data-scheme-color=\"@FFFFFF,0,\" data-usefontface=\"true\" data-contrast=\"none\">D\u00e9part vers Zagora,\u00a0avec un arr\u00eat pour la\u00a0visite de la ville d\u2019Agdz, vue panoramique sur la vall\u00e9e du Draa. Ensuite nous continuons le\u00a0<\/span><span data-scheme-color=\"@FFFFFF,0,\" data-usefontface=\"true\" data-contrast=\"none\">long de la vall\u00e9e jusqu\u2019\u00e0 Afraa, fin de la piste.<\/span>\u200b<\/p>\n<p data-ccp-props=\"{&quot;335551550&quot;:6,&quot;335551620&quot;:6,&quot;335559683&quot;:0,&quot;335559685&quot;:0,&quot;335559731&quot;:0,&quot;335559737&quot;:0,&quot;335562764&quot;:2,&quot;335562765&quot;:1,&quot;335562766&quot;:4,&quot;335562767&quot;:0,&quot;335562768&quot;:4,&quot;335562769&quot;:0}\"><span data-scheme-color=\"@FFFFFF,0,\" data-usefontface=\"true\" data-contrast=\"none\">Direction Mhamid. Sur la route, arr\u00eat \u00e0 Tamgroute pour la visite de la biblioth\u00e8que coranique, de la kasbah souterraine et de la\u00a0<\/span><span data-scheme-color=\"@FFFFFF,0,\" data-usefontface=\"true\" data-contrast=\"none\">fabrication de poteries.<\/span>\u200b<\/p>\n<p data-ccp-props=\"{&quot;335551550&quot;:6,&quot;335551620&quot;:6,&quot;335559683&quot;:0,&quot;335559685&quot;:0,&quot;335559731&quot;:0,&quot;335559737&quot;:0,&quot;335562764&quot;:2,&quot;335562765&quot;:1,&quot;335562766&quot;:4,&quot;335562767&quot;:0,&quot;335562768&quot;:4,&quot;335562769&quot;:0}\"><span data-scheme-color=\"@FFFFFF,0,\" data-usefontface=\"true\" data-contrast=\"none\">Pour finir nous continuerons notre route vers le d\u00e9sert. Arriv\u00e9e au bivouac de Mhamid, installation, d\u00eener autour du feu au son du\u00a0<\/span><span data-scheme-color=\"@FFFFFF,0,\" data-usefontface=\"true\" data-contrast=\"none\">folklore Sahraoui, nuit sous tente Nomade.<\/span>\u200b<\/p>\n<p data-ccp-props=\"{&quot;335551550&quot;:1,&quot;335551620&quot;:1,&quot;335559683&quot;:0,&quot;335559685&quot;:0,&quot;335559731&quot;:0,&quot;335559737&quot;:0,&quot;335562764&quot;:2,&quot;335562765&quot;:1,&quot;335562766&quot;:4,&quot;335562767&quot;:0,&quot;335562768&quot;:4,&quot;335562769&quot;:0}\"><strong>J &#8211; 2 :<\/strong>\u200b<\/p>\n<p data-ccp-props=\"{&quot;335551550&quot;:6,&quot;335551620&quot;:6,&quot;335559683&quot;:0,&quot;335559685&quot;:0,&quot;335559731&quot;:0,&quot;335559737&quot;:0,&quot;335562764&quot;:2,&quot;335562765&quot;:1,&quot;335562766&quot;:4,&quot;335562767&quot;:0,&quot;335562768&quot;:4,&quot;335562769&quot;:0}\"><span data-scheme-color=\"@FFFFFF,0,\" data-usefontface=\"true\" data-contrast=\"none\">Apr\u00e8s le petit d\u00e9jeuner, d\u00e9part en dromadaires pour une demi journ\u00e9e, d\u00e9jeuner\u00a0\u00e0 l&rsquo;ombre\u00a0des tamaris, puis continuation dans\u00a0<\/span><span data-scheme-color=\"@FFFFFF,0,\" data-usefontface=\"true\" data-contrast=\"none\">l\u2019apr\u00e8s midi vers les grandes dunes de Chegaga\u00a0 .Vous aurez tout le temps d&rsquo;admirer le d\u00e9sert dans sa majestueuse simplicit\u00e9, de\u00a0<\/span><span data-scheme-color=\"@FFFFFF,0,\" data-usefontface=\"true\" data-contrast=\"none\">vous impr\u00e9gner de ses paysages grandioses jusqu&rsquo;au repas de midi suivi d&rsquo;un bon moment de repos.<\/span>\u200b<\/p>\n<p data-ccp-props=\"{&quot;335551550&quot;:6,&quot;335551620&quot;:6,&quot;335559683&quot;:0,&quot;335559685&quot;:0,&quot;335559731&quot;:0,&quot;335559737&quot;:0,&quot;335562764&quot;:2,&quot;335562765&quot;:1,&quot;335562766&quot;:4,&quot;335562767&quot;:0,&quot;335562768&quot;:4,&quot;335562769&quot;:0}\"><span data-scheme-color=\"@FFFFFF,0,\" data-usefontface=\"true\" data-contrast=\"none\">L&rsquo;apr\u00e8s-midi,\u00a0nous rejoindrons en 1h les grandes dunes de CHIGAGA en 4X4 pour avoir le temps de grimper et d&rsquo;admirer le coucher\u00a0<\/span><span data-scheme-color=\"@FFFFFF,0,\" data-usefontface=\"true\" data-contrast=\"none\">de soleil sur les vagues des dunes dor\u00e9es. Diner et Nuit au bivouac de CHIGAGA.<\/span>\u200b<\/p>\n<p data-ccp-props=\"{&quot;335551550&quot;:1,&quot;335551620&quot;:1,&quot;335559683&quot;:0,&quot;335559685&quot;:0,&quot;335559731&quot;:0,&quot;335559737&quot;:0,&quot;335562764&quot;:2,&quot;335562765&quot;:1,&quot;335562766&quot;:4,&quot;335562767&quot;:0,&quot;335562768&quot;:4,&quot;335562769&quot;:0}\"><strong>J \u2013 3 :<\/strong>\u200b<\/p>\n<p data-ccp-props=\"{&quot;335551550&quot;:1,&quot;335551620&quot;:1,&quot;335559683&quot;:0,&quot;335559685&quot;:0,&quot;335559731&quot;:0,&quot;335559737&quot;:0,&quot;335562764&quot;:2,&quot;335562765&quot;:1,&quot;335562766&quot;:4,&quot;335562767&quot;:0,&quot;335562768&quot;:4,&quot;335562769&quot;:0}\"><span data-scheme-color=\"@FFFFFF,0,\" data-usefontface=\"true\" data-contrast=\"none\">Apr\u00e8s le petit d\u00e9jeuner, d\u00e9part pour la kasbah d\u2019Ait Ben Haddou. C&rsquo;est un ksar tr\u00e8s ancien avec sa Kasbah,\u00a0<\/span><span data-scheme-color=\"@FFFFFF,0,\" data-usefontface=\"true\" data-contrast=\"none\">un\u00a0site magnifique class\u00e9 au patrimoine de l\u2019UNESCO. Nous continuerons par la piste entre l\u2019erg de Chegaga et le\u00a0<\/span><span data-scheme-color=\"@FFFFFF,0,\" data-usefontface=\"true\" data-contrast=\"none\">lit dess\u00e9ch\u00e9 du Dr\u00e2a en passant par le lac Iriqui, puis par Foum Zguid et continuation par la route via Taznakht la\u00a0<\/span><span data-scheme-color=\"@FFFFFF,0,\" data-usefontface=\"true\" data-contrast=\"none\">capitale des tapis du Maroc . Arr\u00eat \u00e0 la coop\u00e9rative pour des explications\u00a0sur les diff\u00e9rents genres de tapis de la\u00a0<\/span><span data-scheme-color=\"@FFFFFF,0,\" data-usefontface=\"true\" data-contrast=\"none\">r\u00e9gion.\u00a0Apr\u00e8s une pause d\u00e9jeuner,\u00a0nous reprendrons la route vers la kasbah. Puis arriv\u00e9e \u00e0 notre h\u00f4tel pour\u00a0<\/span><span data-scheme-color=\"@FFFFFF,0,\" data-usefontface=\"true\" data-contrast=\"none\">le\u00a0diner et la nuit.<\/span>\u200b<\/p>\n<p data-ccp-props=\"{&quot;335551550&quot;:1,&quot;335551620&quot;:1,&quot;335559683&quot;:0,&quot;335559685&quot;:0,&quot;335559731&quot;:0,&quot;335559737&quot;:0,&quot;335562764&quot;:2,&quot;335562765&quot;:1,&quot;335562766&quot;:4,&quot;335562767&quot;:0,&quot;335562768&quot;:4,&quot;335562769&quot;:0}\"><strong>J \u2013 4 :<\/strong>\u200b<\/p>\n<p data-ccp-props=\"{&quot;335551550&quot;:6,&quot;335551620&quot;:6,&quot;335559683&quot;:0,&quot;335559685&quot;:0,&quot;335559731&quot;:0,&quot;335559737&quot;:0,&quot;335562764&quot;:2,&quot;335562765&quot;:1,&quot;335562766&quot;:4,&quot;335562767&quot;:0,&quot;335562768&quot;:4,&quot;335562769&quot;:0}\"><span data-scheme-color=\"@FFFFFF,0,\" data-usefontface=\"true\" data-contrast=\"none\">retour a\u00a0 Marrakech.<\/span>\u200b<\/p>\n","protected":false},"excerpt":{"rendered":"<ul>\n<li>\u00a0Dur\u00e9e: 4 jours<\/li>\n<li>\u00a0Disponibilit\u00e9: Tous les jours<\/li>\n<li>\u00a0Heure de d\u00e9part: 07h00 am<\/li>\n<li>\u00a0Transport avec chauffeur guide<\/li>\n<li>\u00a0V\u00e9hicule climatis\u00e9 et tr\u00e8s confort 4&#215;4 ou bien minibus<\/li>\n<li>\u00a0H\u00e9bergement en demi-pension: 3 nuits<\/li>\n<li>\u00a0Assurance de transport<\/li>\n<li>\u00a0Service de qualit\u00e9 et fiabilit\u00e9<\/li>\n<li>\u00a0Toutes les taxes<\/li>\n<\/ul>\n","protected":false},"featured_media":1083,"template":"","meta":[],"product_cat":[55],"product_tag":[],"class_list":["post-1082","product","type-product","status-publish","has-post-thumbnail","hentry","product_cat-nos-circuits"],"yoast_head":"<!-- This site is optimized with the Yoast SEO Premium plugin v15.5 - https:\/\/yoast.com\/wordpress\/plugins\/seo\/ -->\n<title>4 jours Erg Chigaga d\u00e9part de Marrakech - New directions travel<\/title>\n<meta name=\"robots\" content=\"index, follow, max-snippet:-1, max-image-preview:large, max-video-preview:-1\" \/>\n<link rel=\"canonical\" href=\"https:\/\/www.newdirectiontravel.com\/fr\/product\/4-jours-erg-chigaga-depart-de-marrakech\/\" \/>\n<meta property=\"og:locale\" content=\"fr_FR\" \/>\n<meta property=\"og:type\" content=\"article\" \/>\n<meta property=\"og:title\" content=\"4 jours Erg Chigaga d\u00e9part de Marrakech - New directions travel\" \/>\n<meta property=\"og:description\" content=\"\u00a0Dur\u00e9e: 4 jours  \u00a0Disponibilit\u00e9: Tous les jours  \u00a0Heure de d\u00e9part: 07h00 am  \u00a0Transport avec chauffeur guide  \u00a0V\u00e9hicule climatis\u00e9 et tr\u00e8s confort 4x4 ou bien minibus  \u00a0H\u00e9bergement en demi-pension: 3 nuits  \u00a0Assurance de transport  \u00a0Service de qualit\u00e9 et fiabilit\u00e9  \u00a0Toutes les taxes\" \/>\n<meta property=\"og:url\" content=\"https:\/\/www.newdirectiontravel.com\/fr\/product\/4-jours-erg-chigaga-depart-de-marrakech\/\" \/>\n<meta property=\"og:site_name\" content=\"New directions travel\" \/>\n<meta property=\"og:image\" content=\"https:\/\/www.newdirectiontravel.com\/wp-content\/uploads\/2021\/10\/mhamid.jpg\" \/>\n\t<meta property=\"og:image:width\" content=\"400\" \/>\n\t<meta property=\"og:image:height\" content=\"200\" \/>\n<meta name=\"twitter:card\" content=\"summary_large_image\" \/>\n<meta name=\"twitter:label1\" content=\"Dur\u00e9e de lecture estim\u00e9e\">\n\t<meta name=\"twitter:data1\" content=\"1 minute\">\n<script type=\"application\/ld+json\" class=\"yoast-schema-graph\">{\"@context\":\"https:\/\/schema.org\",\"@graph\":[{\"@type\":\"Organization\",\"@id\":\"https:\/\/www.newdirectiontravel.com\/#organization\",\"name\":\"New Direction Travel - Agence de transport touristique marrakech\",\"url\":\"https:\/\/www.newdirectiontravel.com\/\",\"sameAs\":[],\"logo\":{\"@type\":\"ImageObject\",\"@id\":\"https:\/\/www.newdirectiontravel.com\/#logo\",\"inLanguage\":\"fr-FR\",\"url\":\"https:\/\/www.newdirectiontravel.com\/wp-content\/uploads\/2021\/10\/logo-ndt.png\",\"width\":163,\"height\":75,\"caption\":\"New Direction Travel - Agence de transport touristique marrakech\"},\"image\":{\"@id\":\"https:\/\/www.newdirectiontravel.com\/#logo\"}},{\"@type\":\"WebSite\",\"@id\":\"https:\/\/www.newdirectiontravel.com\/#website\",\"url\":\"https:\/\/www.newdirectiontravel.com\/\",\"name\":\"New directions travel\",\"description\":\"Activities\",\"publisher\":{\"@id\":\"https:\/\/www.newdirectiontravel.com\/#organization\"},\"potentialAction\":[{\"@type\":\"SearchAction\",\"target\":\"https:\/\/www.newdirectiontravel.com\/?s={search_term_string}\",\"query-input\":\"required name=search_term_string\"}],\"inLanguage\":\"fr-FR\"},{\"@type\":\"ImageObject\",\"@id\":\"https:\/\/www.newdirectiontravel.com\/product\/4-jours-erg-chigaga-depart-de-marrakech\/#primaryimage\",\"inLanguage\":\"fr-FR\",\"url\":\"https:\/\/www.newdirectiontravel.com\/wp-content\/uploads\/2021\/10\/mhamid.jpg\",\"width\":400,\"height\":200},{\"@type\":\"WebPage\",\"@id\":\"https:\/\/www.newdirectiontravel.com\/product\/4-jours-erg-chigaga-depart-de-marrakech\/#webpage\",\"url\":\"https:\/\/www.newdirectiontravel.com\/product\/4-jours-erg-chigaga-depart-de-marrakech\/\",\"name\":\"4 jours Erg Chigaga d\\u00e9part de Marrakech - New directions travel\",\"isPartOf\":{\"@id\":\"https:\/\/www.newdirectiontravel.com\/#website\"},\"primaryImageOfPage\":{\"@id\":\"https:\/\/www.newdirectiontravel.com\/product\/4-jours-erg-chigaga-depart-de-marrakech\/#primaryimage\"},\"datePublished\":\"2021-10-27T22:38:34+00:00\",\"dateModified\":\"2021-10-27T22:38:34+00:00\",\"inLanguage\":\"fr-FR\",\"potentialAction\":[{\"@type\":\"ReadAction\",\"target\":[\"https:\/\/www.newdirectiontravel.com\/product\/4-jours-erg-chigaga-depart-de-marrakech\/\"]}]}]}<\/script>\n<!-- \/ Yoast SEO Premium plugin. -->","_links":{"self":[{"href":"https:\/\/www.newdirectiontravel.com\/fr\/wp-json\/wp\/v2\/product\/1082","targetHints":{"allow":["GET"]}}],"collection":[{"href":"https:\/\/www.newdirectiontravel.com\/fr\/wp-json\/wp\/v2\/product"}],"about":[{"href":"https:\/\/www.newdirectiontravel.com\/fr\/wp-json\/wp\/v2\/types\/product"}],"wp:featuredmedia":[{"embeddable":true,"href":"https:\/\/www.newdirectiontravel.com\/fr\/wp-json\/wp\/v2\/media\/1083"}],"wp:attachment":[{"href":"https:\/\/www.newdirectiontravel.com\/fr\/wp-json\/wp\/v2\/media?parent=1082"}],"wp:term":[{"taxonomy":"product_cat","embeddable":true,"href":"https:\/\/www.newdirectiontravel.com\/fr\/wp-json\/wp\/v2\/product_cat?post=1082"},{"taxonomy":"product_tag","embeddable":true,"href":"https:\/\/www.newdirectiontravel.com\/fr\/wp-json\/wp\/v2\/product_tag?post=1082"}],"curies":[{"name":"wp","href":"https:\/\/api.w.org\/{rel}","templated":true}]}}