{"id":1088,"date":"2021-10-27T22:46:07","date_gmt":"2021-10-27T22:46:07","guid":{"rendered":"https:\/\/www.newdirectiontravel.com\/?post_type=product&#038;p=1088"},"modified":"2021-10-27T22:46:07","modified_gmt":"2021-10-27T22:46:07","slug":"marrakech-merzouga-desert-3-jours","status":"publish","type":"product","link":"https:\/\/www.newdirectiontravel.com\/fr\/product\/marrakech-merzouga-desert-3-jours\/","title":{"rendered":"Marrakech \/ Merzouga d\u00e9sert 3 jours"},"content":{"rendered":"<p data-ccp-props=\"{&quot;335551550&quot;:1,&quot;335551620&quot;:1,&quot;335559683&quot;:0,&quot;335559685&quot;:0,&quot;335559731&quot;:0,&quot;335559737&quot;:0,&quot;335562764&quot;:2,&quot;335562765&quot;:1,&quot;335562766&quot;:4,&quot;335562767&quot;:0,&quot;335562768&quot;:4,&quot;335562769&quot;:0}\"><strong>J \u2013 1 :<\/strong>\u200b<\/p>\n<p data-ccp-props=\"{&quot;335551550&quot;:1,&quot;335551620&quot;:1,&quot;335559683&quot;:0,&quot;335559685&quot;:0,&quot;335559731&quot;:0,&quot;335559737&quot;:0,&quot;335562764&quot;:2,&quot;335562765&quot;:1,&quot;335562766&quot;:4,&quot;335562767&quot;:0,&quot;335562768&quot;:4,&quot;335562769&quot;:0}\"><span data-scheme-color=\"@FFFFFF,0,\" data-usefontface=\"true\" data-contrast=\"none\">\u00e0 7:00 du Matin nous partons de votre H\u00f4tel vers Ouarzazate\u00a0 en traversant la Haut Atlas\u00a0<\/span><span data-scheme-color=\"@FFFFFF,0,\" data-usefontface=\"true\" data-contrast=\"none\">Tizi n\u2019Tichka \u201c2260m d\u2019altitude\u201d, paysages contrast\u00e9s, descente jusqu\u2019\u00e0 la nous\u00a0<\/span><span data-scheme-color=\"@FFFFFF,0,\" data-usefontface=\"true\" data-contrast=\"none\">passons \u00e0 travers plusieurs villages berb\u00e8res, et nous Arr\u00eatons pour le d\u00e9jeuner et la\u00a0<\/span><span data-scheme-color=\"@FFFFFF,0,\" data-usefontface=\"true\" data-contrast=\"none\">visite de la Kasbah Ait Ben Haddou\u201dpatrimoine mondial de l\u2019humanit\u00e9 par UNESCO\u201d.\u00a0<\/span><span data-scheme-color=\"@FFFFFF,0,\" data-usefontface=\"true\" data-contrast=\"none\">apr\u00e8s le d\u00e9jeuner nous continuons notre route en passant par la ville de 0uarzazate et\u00a0<\/span><span data-scheme-color=\"@FFFFFF,0,\" data-usefontface=\"true\" data-contrast=\"none\">sa belle kasbah Et reprendre notre route vers la vall\u00e9e du Dades et les gorges de Dades\u00a0<\/span><span data-scheme-color=\"@FFFFFF,0,\" data-usefontface=\"true\" data-contrast=\"none\">\u00e0 travers les Regs (d\u00e9sert caillouteux) et en passant par la Palmeraie de Skoura et la\u00a0<\/span><span data-scheme-color=\"@FFFFFF,0,\" data-usefontface=\"true\" data-contrast=\"none\">vall\u00e9e des roses.dinner et nuit a la vallee de dades.\u00a0<\/span>\u200b<\/p>\n<p data-ccp-props=\"{&quot;335551550&quot;:1,&quot;335551620&quot;:1,&quot;335559683&quot;:0,&quot;335559685&quot;:0,&quot;335559731&quot;:0,&quot;335559737&quot;:0,&quot;335562764&quot;:2,&quot;335562765&quot;:1,&quot;335562766&quot;:4,&quot;335562767&quot;:0,&quot;335562768&quot;:4,&quot;335562769&quot;:0}\"><strong>J\u2013 2 :<\/strong>\u200b<\/p>\n<p data-ccp-props=\"{&quot;335551550&quot;:1,&quot;335551620&quot;:1,&quot;335559683&quot;:0,&quot;335559685&quot;:0,&quot;335559731&quot;:0,&quot;335559737&quot;:0,&quot;335562764&quot;:2,&quot;335562765&quot;:1,&quot;335562766&quot;:4,&quot;335562767&quot;:0,&quot;335562768&quot;:4,&quot;335562769&quot;:0}\"><span data-scheme-color=\"@FFFFFF,0,\" data-usefontface=\"true\" data-contrast=\"none\">Apr\u00e8s le petit d\u00e9jeuner, quittez votre h\u00f4tel et roulez jusqu\u2019au splendides gorges du\u00a0<\/span><span data-scheme-color=\"@FFFFFF,0,\" data-usefontface=\"true\" data-contrast=\"none\">Todgha, jouissez d\u2019un peu de temps libre pour explorer les canyons et d\u00e9jeuner \u00e0 un\u00a0<\/span><span data-scheme-color=\"@FFFFFF,0,\" data-usefontface=\"true\" data-contrast=\"none\">caf\u00e9 local. Poussez jusqu\u2019\u00e0 Merzouga et rejoignez la caravane de chameaux. D\u00e9couvrez\u00a0<\/span><span data-scheme-color=\"@FFFFFF,0,\" data-usefontface=\"true\" data-contrast=\"none\">les dunes d\u2019Erg Chebbi \u00e0 dos de chameau et admirez le changement de couleur du\u00a0<\/span><span data-scheme-color=\"@FFFFFF,0,\" data-usefontface=\"true\" data-contrast=\"none\">sable au coucher de soleil. Arrivez \u00e0 votre camp avant la tomb\u00e9e de la nuit et savourez\u00a0<\/span><span data-scheme-color=\"@FFFFFF,0,\" data-usefontface=\"true\" data-contrast=\"none\">un d\u00eener typiquement marocain sous les \u00e9toiles.Profitez du d\u00eener et de la nuit reposante.<\/span>\u200b<\/p>\n<p data-ccp-props=\"{&quot;335551550&quot;:1,&quot;335551620&quot;:1,&quot;335559683&quot;:0,&quot;335559685&quot;:0,&quot;335559731&quot;:0,&quot;335559737&quot;:0,&quot;335562764&quot;:2,&quot;335562765&quot;:1,&quot;335562766&quot;:4,&quot;335562767&quot;:0,&quot;335562768&quot;:4,&quot;335562769&quot;:0}\"><strong>J \u2013 3 :\u00a0<\/strong>\u200b<\/p>\n<p data-ccp-props=\"{&quot;335551550&quot;:1,&quot;335551620&quot;:1,&quot;335559683&quot;:0,&quot;335559685&quot;:0,&quot;335559731&quot;:0,&quot;335559737&quot;:0,&quot;335562764&quot;:2,&quot;335562765&quot;:1,&quot;335562766&quot;:4,&quot;335562767&quot;:0,&quot;335562768&quot;:4,&quot;335562769&quot;:0}\"><b><span data-scheme-color=\"@FFFFFF,0,\" data-usefontface=\"true\" data-contrast=\"none\">\u00a0<\/span><\/b><span data-scheme-color=\"@FFFFFF,0,\" data-usefontface=\"true\" data-contrast=\"none\">Apr\u00e8s un r\u00e9veil matinal pour regarder le lever du soleil avant le petit d\u00e9jeuner\u00a0<\/span><span data-scheme-color=\"@FFFFFF,0,\" data-usefontface=\"true\" data-contrast=\"none\">(optionnel), un chauffeur vous attendra pour venir vous chercher pour le transfert de\u00a0<\/span><span data-scheme-color=\"@FFFFFF,0,\" data-usefontface=\"true\" data-contrast=\"none\">retour vers Marrakech. Arr\u00eatez-vous en chemin pour d\u00e9jeuner \u00e0 Ouarzazate.<\/span>\u200b<\/p>\n","protected":false},"excerpt":{"rendered":"<ul>\n<li>Dur\u00e9e: 3 jours<\/li>\n<li>\u00a0Disponibilit\u00e9: Tous les jours<\/li>\n<li>\u00a0Heure de d\u00e9part: 07h00 am<\/li>\n<li>\u00a0Transport avec chauffeur guide<\/li>\n<li>\u00a0V\u00e9hicule climatis\u00e9 et tr\u00e8s confort 4&#215;4 ou bien minibus<\/li>\n<li>\u00a0H\u00e9bergement en demi-pension: 2 nuits<\/li>\n<li>\u00a0Assurance de transport<\/li>\n<li>\u00a0Service de qualit\u00e9 et fiabilit\u00e9<\/li>\n<li>\u00a0Toutes les taxes<\/li>\n<\/ul>\n","protected":false},"featured_media":1089,"template":"","meta":[],"product_cat":[55],"product_tag":[],"class_list":["post-1088","product","type-product","status-publish","has-post-thumbnail","hentry","product_cat-nos-circuits"],"yoast_head":"<!-- This site is optimized with the Yoast SEO Premium plugin v15.5 - https:\/\/yoast.com\/wordpress\/plugins\/seo\/ -->\n<title>Marrakech \/ Merzouga d\u00e9sert 3 jours - New directions travel<\/title>\n<meta name=\"robots\" content=\"index, follow, max-snippet:-1, max-image-preview:large, max-video-preview:-1\" \/>\n<link rel=\"canonical\" href=\"https:\/\/www.newdirectiontravel.com\/fr\/product\/marrakech-merzouga-desert-3-jours\/\" \/>\n<meta property=\"og:locale\" content=\"fr_FR\" \/>\n<meta property=\"og:type\" content=\"article\" \/>\n<meta property=\"og:title\" content=\"Marrakech \/ Merzouga d\u00e9sert 3 jours - New directions travel\" \/>\n<meta property=\"og:description\" content=\"Dur\u00e9e: 3 jours  \u00a0Disponibilit\u00e9: Tous les jours  \u00a0Heure de d\u00e9part: 07h00 am  \u00a0Transport avec chauffeur guide  \u00a0V\u00e9hicule climatis\u00e9 et tr\u00e8s confort 4x4 ou bien minibus  \u00a0H\u00e9bergement en demi-pension: 2 nuits  \u00a0Assurance de transport  \u00a0Service de qualit\u00e9 et fiabilit\u00e9  \u00a0Toutes les taxes\" \/>\n<meta property=\"og:url\" content=\"https:\/\/www.newdirectiontravel.com\/fr\/product\/marrakech-merzouga-desert-3-jours\/\" \/>\n<meta property=\"og:site_name\" content=\"New directions travel\" \/>\n<meta property=\"og:image\" content=\"https:\/\/www.newdirectiontravel.com\/wp-content\/uploads\/2021\/10\/cheggaga.jpg\" \/>\n\t<meta property=\"og:image:width\" content=\"512\" \/>\n\t<meta property=\"og:image:height\" content=\"371\" \/>\n<meta name=\"twitter:card\" content=\"summary_large_image\" \/>\n<meta name=\"twitter:label1\" content=\"Dur\u00e9e de lecture estim\u00e9e\">\n\t<meta name=\"twitter:data1\" content=\"1 minute\">\n<script type=\"application\/ld+json\" class=\"yoast-schema-graph\">{\"@context\":\"https:\/\/schema.org\",\"@graph\":[{\"@type\":\"Organization\",\"@id\":\"https:\/\/www.newdirectiontravel.com\/#organization\",\"name\":\"New Direction Travel - Agence de transport touristique marrakech\",\"url\":\"https:\/\/www.newdirectiontravel.com\/\",\"sameAs\":[],\"logo\":{\"@type\":\"ImageObject\",\"@id\":\"https:\/\/www.newdirectiontravel.com\/#logo\",\"inLanguage\":\"fr-FR\",\"url\":\"https:\/\/www.newdirectiontravel.com\/wp-content\/uploads\/2021\/10\/logo-ndt.png\",\"width\":163,\"height\":75,\"caption\":\"New Direction Travel - Agence de transport touristique marrakech\"},\"image\":{\"@id\":\"https:\/\/www.newdirectiontravel.com\/#logo\"}},{\"@type\":\"WebSite\",\"@id\":\"https:\/\/www.newdirectiontravel.com\/#website\",\"url\":\"https:\/\/www.newdirectiontravel.com\/\",\"name\":\"New directions travel\",\"description\":\"Activities\",\"publisher\":{\"@id\":\"https:\/\/www.newdirectiontravel.com\/#organization\"},\"potentialAction\":[{\"@type\":\"SearchAction\",\"target\":\"https:\/\/www.newdirectiontravel.com\/?s={search_term_string}\",\"query-input\":\"required name=search_term_string\"}],\"inLanguage\":\"fr-FR\"},{\"@type\":\"ImageObject\",\"@id\":\"https:\/\/www.newdirectiontravel.com\/product\/marrakech-merzouga-desert-3-jours\/#primaryimage\",\"inLanguage\":\"fr-FR\",\"url\":\"https:\/\/www.newdirectiontravel.com\/wp-content\/uploads\/2021\/10\/cheggaga.jpg\",\"width\":512,\"height\":371},{\"@type\":\"WebPage\",\"@id\":\"https:\/\/www.newdirectiontravel.com\/product\/marrakech-merzouga-desert-3-jours\/#webpage\",\"url\":\"https:\/\/www.newdirectiontravel.com\/product\/marrakech-merzouga-desert-3-jours\/\",\"name\":\"Marrakech \/ Merzouga d\\u00e9sert 3 jours - New directions travel\",\"isPartOf\":{\"@id\":\"https:\/\/www.newdirectiontravel.com\/#website\"},\"primaryImageOfPage\":{\"@id\":\"https:\/\/www.newdirectiontravel.com\/product\/marrakech-merzouga-desert-3-jours\/#primaryimage\"},\"datePublished\":\"2021-10-27T22:46:07+00:00\",\"dateModified\":\"2021-10-27T22:46:07+00:00\",\"inLanguage\":\"fr-FR\",\"potentialAction\":[{\"@type\":\"ReadAction\",\"target\":[\"https:\/\/www.newdirectiontravel.com\/product\/marrakech-merzouga-desert-3-jours\/\"]}]}]}<\/script>\n<!-- \/ Yoast SEO Premium plugin. -->","_links":{"self":[{"href":"https:\/\/www.newdirectiontravel.com\/fr\/wp-json\/wp\/v2\/product\/1088","targetHints":{"allow":["GET"]}}],"collection":[{"href":"https:\/\/www.newdirectiontravel.com\/fr\/wp-json\/wp\/v2\/product"}],"about":[{"href":"https:\/\/www.newdirectiontravel.com\/fr\/wp-json\/wp\/v2\/types\/product"}],"wp:featuredmedia":[{"embeddable":true,"href":"https:\/\/www.newdirectiontravel.com\/fr\/wp-json\/wp\/v2\/media\/1089"}],"wp:attachment":[{"href":"https:\/\/www.newdirectiontravel.com\/fr\/wp-json\/wp\/v2\/media?parent=1088"}],"wp:term":[{"taxonomy":"product_cat","embeddable":true,"href":"https:\/\/www.newdirectiontravel.com\/fr\/wp-json\/wp\/v2\/product_cat?post=1088"},{"taxonomy":"product_tag","embeddable":true,"href":"https:\/\/www.newdirectiontravel.com\/fr\/wp-json\/wp\/v2\/product_tag?post=1088"}],"curies":[{"name":"wp","href":"https:\/\/api.w.org\/{rel}","templated":true}]}}